{"id":1195,"date":"2020-05-18T12:25:32","date_gmt":"2020-05-18T10:25:32","guid":{"rendered":"https:\/\/anticagelateriadelcorso.com\/it\/?page_id=1195"},"modified":"2024-07-17T11:38:09","modified_gmt":"2024-07-17T09:38:09","slug":"banao","status":"publish","type":"page","link":"https:\/\/anticagelateriadelcorso.com\/it\/gusti\/banao\/","title":{"rendered":"Crema Croccante della Nonna"},"content":{"rendered":"\r\n<p>La novit\u00e0 2023 che \u00e8 gi\u00e0 un instant classic.<\/p>\r\n<p>&nbsp;<\/p>\r\n<p>La crema della nonna si fa croccante: un mix di gusto e consistenze inaspettate, tra tradizione e creativit\u00e0.<\/p>\r\n","protected":false},"excerpt":{"rendered":"<p>La novit\u00e0 2023 che \u00e8 gi\u00e0 un instant classic.<br \/>\nLa crema della nonna si fa croccante: un mix di gusto e consistenze inaspettate, tra tradizione e creativit\u00e0.<\/p>\n","protected":false},"author":8,"featured_media":1197,"parent":8,"menu_order":0,"comment_status":"closed","ping_status":"closed","template":"tpl-product.php","meta":[],"yoast_head":"<!-- This site is optimized with the Yoast SEO plugin v18.5.1 - https:\/\/yoast.com\/wordpress\/plugins\/seo\/ -->\n<title>Crema Croccante della Nonna - Italiano<\/title>\n<meta name=\"robots\" content=\"index, follow, max-snippet:-1, max-image-preview:large, max-video-preview:-1\" \/>\n<link rel=\"canonical\" href=\"https:\/\/anticagelateriadelcorso.com\/it\/gusti\/banao\/\" \/>\n<meta property=\"og:locale\" content=\"it_IT\" \/>\n<meta property=\"og:type\" content=\"article\" \/>\n<meta property=\"og:title\" content=\"Crema Croccante della Nonna - Italiano\" \/>\n<meta property=\"og:description\" content=\"La novit\u00e0 2023 che \u00e8 gi\u00e0 un instant classic. La crema della nonna si fa croccante: un mix di gusto e consistenze inaspettate, tra tradizione e creativit\u00e0.\" \/>\n<meta property=\"og:url\" content=\"https:\/\/anticagelateriadelcorso.com\/it\/gusti\/banao\/\" \/>\n<meta property=\"og:site_name\" content=\"Italiano\" \/>\n<meta property=\"article:modified_time\" content=\"2024-07-17T09:38:09+00:00\" \/>\n<meta property=\"og:image\" content=\"https:\/\/anticagelateriadelcorso.com\/it\/wp-content\/uploads\/sites\/2\/2020\/05\/BANAO-ingredienti_600x600.jpg\" \/>\n\t<meta property=\"og:image:width\" content=\"600\" \/>\n\t<meta property=\"og:image:height\" content=\"600\" \/>\n\t<meta property=\"og:image:type\" content=\"image\/jpeg\" \/>\n<meta name=\"twitter:card\" content=\"summary_large_image\" \/>\n<meta name=\"twitter:label1\" content=\"Tempo di lettura stimato\" \/>\n\t<meta name=\"twitter:data1\" content=\"1 minuto\" \/>\n<script type=\"application\/ld+json\" class=\"yoast-schema-graph\">{\"@context\":\"https:\/\/schema.org\",\"@graph\":[{\"@type\":\"WebSite\",\"@id\":\"https:\/\/anticagelateriadelcorso.com\/it\/#website\",\"url\":\"https:\/\/anticagelateriadelcorso.com\/it\/\",\"name\":\"Italiano\",\"description\":\"Antica Gelateria del Corso\",\"potentialAction\":[{\"@type\":\"SearchAction\",\"target\":{\"@type\":\"EntryPoint\",\"urlTemplate\":\"https:\/\/anticagelateriadelcorso.com\/it\/?s={search_term_string}\"},\"query-input\":\"required name=search_term_string\"}],\"inLanguage\":\"it-IT\"},{\"@type\":\"ImageObject\",\"@id\":\"https:\/\/anticagelateriadelcorso.com\/it\/gusti\/banao\/#primaryimage\",\"inLanguage\":\"it-IT\",\"url\":\"https:\/\/anticagelateriadelcorso.com\/it\/wp-content\/uploads\/sites\/2\/2020\/05\/BANAO-ingredienti_600x600.jpg\",\"contentUrl\":\"https:\/\/anticagelateriadelcorso.com\/it\/wp-content\/uploads\/sites\/2\/2020\/05\/BANAO-ingredienti_600x600.jpg\",\"width\":600,\"height\":600},{\"@type\":\"WebPage\",\"@id\":\"https:\/\/anticagelateriadelcorso.com\/it\/gusti\/banao\/#webpage\",\"url\":\"https:\/\/anticagelateriadelcorso.com\/it\/gusti\/banao\/\",\"name\":\"Crema Croccante della Nonna - Italiano\",\"isPartOf\":{\"@id\":\"https:\/\/anticagelateriadelcorso.com\/it\/#website\"},\"primaryImageOfPage\":{\"@id\":\"https:\/\/anticagelateriadelcorso.com\/it\/gusti\/banao\/#primaryimage\"},\"datePublished\":\"2020-05-18T10:25:32+00:00\",\"dateModified\":\"2024-07-17T09:38:09+00:00\",\"breadcrumb\":{\"@id\":\"https:\/\/anticagelateriadelcorso.com\/it\/gusti\/banao\/#breadcrumb\"},\"inLanguage\":\"it-IT\",\"potentialAction\":[{\"@type\":\"ReadAction\",\"target\":[\"https:\/\/anticagelateriadelcorso.com\/it\/gusti\/banao\/\"]}]},{\"@type\":\"BreadcrumbList\",\"@id\":\"https:\/\/anticagelateriadelcorso.com\/it\/gusti\/banao\/#breadcrumb\",\"itemListElement\":[{\"@type\":\"ListItem\",\"position\":1,\"name\":\"Home\",\"item\":\"https:\/\/anticagelateriadelcorso.com\/it\/\"},{\"@type\":\"ListItem\",\"position\":2,\"name\":\"I gusti\",\"item\":\"https:\/\/anticagelateriadelcorso.com\/it\/gusti\/\"},{\"@type\":\"ListItem\",\"position\":3,\"name\":\"Crema Croccante della Nonna\"}]}]}<\/script>\n<!-- \/ Yoast SEO plugin. -->","yoast_head_json":{"title":"Crema Croccante della Nonna - Italiano","robots":{"index":"index","follow":"follow","max-snippet":"max-snippet:-1","max-image-preview":"max-image-preview:large","max-video-preview":"max-video-preview:-1"},"canonical":"https:\/\/anticagelateriadelcorso.com\/it\/gusti\/banao\/","og_locale":"it_IT","og_type":"article","og_title":"Crema Croccante della Nonna - Italiano","og_description":"La novit\u00e0 2023 che \u00e8 gi\u00e0 un instant classic. La crema della nonna si fa croccante: un mix di gusto e consistenze inaspettate, tra tradizione e creativit\u00e0.","og_url":"https:\/\/anticagelateriadelcorso.com\/it\/gusti\/banao\/","og_site_name":"Italiano","article_modified_time":"2024-07-17T09:38:09+00:00","og_image":[{"width":600,"height":600,"url":"https:\/\/anticagelateriadelcorso.com\/it\/wp-content\/uploads\/sites\/2\/2020\/05\/BANAO-ingredienti_600x600.jpg","type":"image\/jpeg"}],"twitter_card":"summary_large_image","twitter_misc":{"Tempo di lettura stimato":"1 minuto"},"schema":{"@context":"https:\/\/schema.org","@graph":[{"@type":"WebSite","@id":"https:\/\/anticagelateriadelcorso.com\/it\/#website","url":"https:\/\/anticagelateriadelcorso.com\/it\/","name":"Italiano","description":"Antica Gelateria del Corso","potentialAction":[{"@type":"SearchAction","target":{"@type":"EntryPoint","urlTemplate":"https:\/\/anticagelateriadelcorso.com\/it\/?s={search_term_string}"},"query-input":"required name=search_term_string"}],"inLanguage":"it-IT"},{"@type":"ImageObject","@id":"https:\/\/anticagelateriadelcorso.com\/it\/gusti\/banao\/#primaryimage","inLanguage":"it-IT","url":"https:\/\/anticagelateriadelcorso.com\/it\/wp-content\/uploads\/sites\/2\/2020\/05\/BANAO-ingredienti_600x600.jpg","contentUrl":"https:\/\/anticagelateriadelcorso.com\/it\/wp-content\/uploads\/sites\/2\/2020\/05\/BANAO-ingredienti_600x600.jpg","width":600,"height":600},{"@type":"WebPage","@id":"https:\/\/anticagelateriadelcorso.com\/it\/gusti\/banao\/#webpage","url":"https:\/\/anticagelateriadelcorso.com\/it\/gusti\/banao\/","name":"Crema Croccante della Nonna - Italiano","isPartOf":{"@id":"https:\/\/anticagelateriadelcorso.com\/it\/#website"},"primaryImageOfPage":{"@id":"https:\/\/anticagelateriadelcorso.com\/it\/gusti\/banao\/#primaryimage"},"datePublished":"2020-05-18T10:25:32+00:00","dateModified":"2024-07-17T09:38:09+00:00","breadcrumb":{"@id":"https:\/\/anticagelateriadelcorso.com\/it\/gusti\/banao\/#breadcrumb"},"inLanguage":"it-IT","potentialAction":[{"@type":"ReadAction","target":["https:\/\/anticagelateriadelcorso.com\/it\/gusti\/banao\/"]}]},{"@type":"BreadcrumbList","@id":"https:\/\/anticagelateriadelcorso.com\/it\/gusti\/banao\/#breadcrumb","itemListElement":[{"@type":"ListItem","position":1,"name":"Home","item":"https:\/\/anticagelateriadelcorso.com\/it\/"},{"@type":"ListItem","position":2,"name":"I gusti","item":"https:\/\/anticagelateriadelcorso.com\/it\/gusti\/"},{"@type":"ListItem","position":3,"name":"Crema Croccante della Nonna"}]}]}},"_links":{"self":[{"href":"https:\/\/anticagelateriadelcorso.com\/it\/wp-json\/wp\/v2\/pages\/1195"}],"collection":[{"href":"https:\/\/anticagelateriadelcorso.com\/it\/wp-json\/wp\/v2\/pages"}],"about":[{"href":"https:\/\/anticagelateriadelcorso.com\/it\/wp-json\/wp\/v2\/types\/page"}],"author":[{"embeddable":true,"href":"https:\/\/anticagelateriadelcorso.com\/it\/wp-json\/wp\/v2\/users\/8"}],"replies":[{"embeddable":true,"href":"https:\/\/anticagelateriadelcorso.com\/it\/wp-json\/wp\/v2\/comments?post=1195"}],"version-history":[{"count":21,"href":"https:\/\/anticagelateriadelcorso.com\/it\/wp-json\/wp\/v2\/pages\/1195\/revisions"}],"predecessor-version":[{"id":1951,"href":"https:\/\/anticagelateriadelcorso.com\/it\/wp-json\/wp\/v2\/pages\/1195\/revisions\/1951"}],"up":[{"embeddable":true,"href":"https:\/\/anticagelateriadelcorso.com\/it\/wp-json\/wp\/v2\/pages\/8"}],"wp:featuredmedia":[{"embeddable":true,"href":"https:\/\/anticagelateriadelcorso.com\/it\/wp-json\/wp\/v2\/media\/1197"}],"wp:attachment":[{"href":"https:\/\/anticagelateriadelcorso.com\/it\/wp-json\/wp\/v2\/media?parent=1195"}],"curies":[{"name":"wp","href":"https:\/\/api.w.org\/{rel}","templated":true}]}}