{"id":149,"date":"2019-01-22T13:40:28","date_gmt":"2019-01-22T12:40:28","guid":{"rendered":"http:\/\/anticagelateriadelcorso.com\/it\/?page_id=149"},"modified":"2025-03-10T16:08:52","modified_gmt":"2025-03-10T15:08:52","slug":"yogurt","status":"publish","type":"page","link":"https:\/\/anticagelateriadelcorso.com\/it\/gusti\/yogurt\/","title":{"rendered":"Yogurt"},"content":{"rendered":"\r\n<p>Nelle novelle de \u201cLe mille e una Notte\u201d \u00e8 presentato in sontuosi banchetti, ma la sua gradevole acidit\u00e0 era gi\u00e0 conosciuta in et\u00e0 preistorica.<\/p>\r\n\r\n\r\n\r\n<p>\u00a0Lo Yogurt magro \u00e8 ai giorni nostri l\u2019ingrediente perfetto per un gelato leggero, rinfrescante, dolce quanto basta, realizzato da Antica Gelateria del Corso<sup>\u00ae<\/sup>\u00a0con materie prime fresche e genuine.<\/p>\r\n","protected":false},"excerpt":{"rendered":"<p>Leggero, rinfrescante, dolce quanto basta. Questi i segreti di sapore del Gelato allo Yogurt, realizzato da <strong>Antica Gelateria del Corso\u00ae<\/strong> con ingredienti freschi e genuini.<\/p>\n","protected":false},"author":2,"featured_media":150,"parent":8,"menu_order":13,"comment_status":"closed","ping_status":"closed","template":"tpl-product.php","meta":[],"yoast_head":"<!-- This site is optimized with the Yoast SEO plugin v18.5.1 - https:\/\/yoast.com\/wordpress\/plugins\/seo\/ -->\n<title>Gelato al Gusto Yogurt - Antica Gelateria del Corso<\/title>\n<meta name=\"description\" content=\"Ti piace il gelato al gusto yogurt? Scopri Antica Gelateria del Corso ed il suo gelato al yogurt. Solo ingredienti genuini. Scopri di pi\u00f9 sul sito ufficiale.\" \/>\n<meta name=\"robots\" content=\"index, follow, max-snippet:-1, max-image-preview:large, max-video-preview:-1\" \/>\n<link rel=\"canonical\" href=\"https:\/\/anticagelateriadelcorso.com\/it\/gusti\/yogurt\/\" \/>\n<meta property=\"og:locale\" content=\"it_IT\" \/>\n<meta property=\"og:type\" content=\"article\" \/>\n<meta property=\"og:title\" content=\"Gelato al Gusto Yogurt - Antica Gelateria del Corso\" \/>\n<meta property=\"og:description\" content=\"Ti piace il gelato al gusto yogurt? Scopri Antica Gelateria del Corso ed il suo gelato al yogurt. Solo ingredienti genuini. Scopri di pi\u00f9 sul sito ufficiale.\" \/>\n<meta property=\"og:url\" content=\"https:\/\/anticagelateriadelcorso.com\/it\/gusti\/yogurt\/\" \/>\n<meta property=\"og:site_name\" content=\"Italiano\" \/>\n<meta property=\"article:modified_time\" content=\"2025-03-10T15:08:52+00:00\" \/>\n<meta property=\"og:image\" content=\"https:\/\/anticagelateriadelcorso.com\/it\/wp-content\/uploads\/sites\/2\/2019\/01\/thumbnail-gusto-Yogurt.jpg\" \/>\n\t<meta property=\"og:image:width\" content=\"600\" \/>\n\t<meta property=\"og:image:height\" content=\"600\" \/>\n\t<meta property=\"og:image:type\" content=\"image\/jpeg\" \/>\n<meta name=\"twitter:card\" content=\"summary_large_image\" \/>\n<meta name=\"twitter:label1\" content=\"Tempo di lettura stimato\" \/>\n\t<meta name=\"twitter:data1\" content=\"1 minuto\" \/>\n<script type=\"application\/ld+json\" class=\"yoast-schema-graph\">{\"@context\":\"https:\/\/schema.org\",\"@graph\":[{\"@type\":\"WebSite\",\"@id\":\"https:\/\/anticagelateriadelcorso.com\/it\/#website\",\"url\":\"https:\/\/anticagelateriadelcorso.com\/it\/\",\"name\":\"Italiano\",\"description\":\"Antica Gelateria del Corso\",\"potentialAction\":[{\"@type\":\"SearchAction\",\"target\":{\"@type\":\"EntryPoint\",\"urlTemplate\":\"https:\/\/anticagelateriadelcorso.com\/it\/?s={search_term_string}\"},\"query-input\":\"required name=search_term_string\"}],\"inLanguage\":\"it-IT\"},{\"@type\":\"ImageObject\",\"@id\":\"https:\/\/anticagelateriadelcorso.com\/it\/gusti\/yogurt\/#primaryimage\",\"inLanguage\":\"it-IT\",\"url\":\"https:\/\/anticagelateriadelcorso.com\/it\/wp-content\/uploads\/sites\/2\/2019\/01\/thumbnail-gusto-Yogurt.jpg\",\"contentUrl\":\"https:\/\/anticagelateriadelcorso.com\/it\/wp-content\/uploads\/sites\/2\/2019\/01\/thumbnail-gusto-Yogurt.jpg\",\"width\":600,\"height\":600},{\"@type\":\"WebPage\",\"@id\":\"https:\/\/anticagelateriadelcorso.com\/it\/gusti\/yogurt\/#webpage\",\"url\":\"https:\/\/anticagelateriadelcorso.com\/it\/gusti\/yogurt\/\",\"name\":\"Gelato al Gusto Yogurt - Antica Gelateria del Corso\",\"isPartOf\":{\"@id\":\"https:\/\/anticagelateriadelcorso.com\/it\/#website\"},\"primaryImageOfPage\":{\"@id\":\"https:\/\/anticagelateriadelcorso.com\/it\/gusti\/yogurt\/#primaryimage\"},\"datePublished\":\"2019-01-22T12:40:28+00:00\",\"dateModified\":\"2025-03-10T15:08:52+00:00\",\"description\":\"Ti piace il gelato al gusto yogurt? Scopri Antica Gelateria del Corso ed il suo gelato al yogurt. Solo ingredienti genuini. Scopri di pi\u00f9 sul sito ufficiale.\",\"breadcrumb\":{\"@id\":\"https:\/\/anticagelateriadelcorso.com\/it\/gusti\/yogurt\/#breadcrumb\"},\"inLanguage\":\"it-IT\",\"potentialAction\":[{\"@type\":\"ReadAction\",\"target\":[\"https:\/\/anticagelateriadelcorso.com\/it\/gusti\/yogurt\/\"]}]},{\"@type\":\"BreadcrumbList\",\"@id\":\"https:\/\/anticagelateriadelcorso.com\/it\/gusti\/yogurt\/#breadcrumb\",\"itemListElement\":[{\"@type\":\"ListItem\",\"position\":1,\"name\":\"Home\",\"item\":\"https:\/\/anticagelateriadelcorso.com\/it\/\"},{\"@type\":\"ListItem\",\"position\":2,\"name\":\"I gusti\",\"item\":\"https:\/\/anticagelateriadelcorso.com\/it\/gusti\/\"},{\"@type\":\"ListItem\",\"position\":3,\"name\":\"Yogurt\"}]}]}<\/script>\n<!-- \/ Yoast SEO plugin. -->","yoast_head_json":{"title":"Gelato al Gusto Yogurt - Antica Gelateria del Corso","description":"Ti piace il gelato al gusto yogurt? Scopri Antica Gelateria del Corso ed il suo gelato al yogurt. Solo ingredienti genuini. Scopri di pi\u00f9 sul sito ufficiale.","robots":{"index":"index","follow":"follow","max-snippet":"max-snippet:-1","max-image-preview":"max-image-preview:large","max-video-preview":"max-video-preview:-1"},"canonical":"https:\/\/anticagelateriadelcorso.com\/it\/gusti\/yogurt\/","og_locale":"it_IT","og_type":"article","og_title":"Gelato al Gusto Yogurt - Antica Gelateria del Corso","og_description":"Ti piace il gelato al gusto yogurt? Scopri Antica Gelateria del Corso ed il suo gelato al yogurt. Solo ingredienti genuini. Scopri di pi\u00f9 sul sito ufficiale.","og_url":"https:\/\/anticagelateriadelcorso.com\/it\/gusti\/yogurt\/","og_site_name":"Italiano","article_modified_time":"2025-03-10T15:08:52+00:00","og_image":[{"width":600,"height":600,"url":"https:\/\/anticagelateriadelcorso.com\/it\/wp-content\/uploads\/sites\/2\/2019\/01\/thumbnail-gusto-Yogurt.jpg","type":"image\/jpeg"}],"twitter_card":"summary_large_image","twitter_misc":{"Tempo di lettura stimato":"1 minuto"},"schema":{"@context":"https:\/\/schema.org","@graph":[{"@type":"WebSite","@id":"https:\/\/anticagelateriadelcorso.com\/it\/#website","url":"https:\/\/anticagelateriadelcorso.com\/it\/","name":"Italiano","description":"Antica Gelateria del Corso","potentialAction":[{"@type":"SearchAction","target":{"@type":"EntryPoint","urlTemplate":"https:\/\/anticagelateriadelcorso.com\/it\/?s={search_term_string}"},"query-input":"required name=search_term_string"}],"inLanguage":"it-IT"},{"@type":"ImageObject","@id":"https:\/\/anticagelateriadelcorso.com\/it\/gusti\/yogurt\/#primaryimage","inLanguage":"it-IT","url":"https:\/\/anticagelateriadelcorso.com\/it\/wp-content\/uploads\/sites\/2\/2019\/01\/thumbnail-gusto-Yogurt.jpg","contentUrl":"https:\/\/anticagelateriadelcorso.com\/it\/wp-content\/uploads\/sites\/2\/2019\/01\/thumbnail-gusto-Yogurt.jpg","width":600,"height":600},{"@type":"WebPage","@id":"https:\/\/anticagelateriadelcorso.com\/it\/gusti\/yogurt\/#webpage","url":"https:\/\/anticagelateriadelcorso.com\/it\/gusti\/yogurt\/","name":"Gelato al Gusto Yogurt - Antica Gelateria del Corso","isPartOf":{"@id":"https:\/\/anticagelateriadelcorso.com\/it\/#website"},"primaryImageOfPage":{"@id":"https:\/\/anticagelateriadelcorso.com\/it\/gusti\/yogurt\/#primaryimage"},"datePublished":"2019-01-22T12:40:28+00:00","dateModified":"2025-03-10T15:08:52+00:00","description":"Ti piace il gelato al gusto yogurt? Scopri Antica Gelateria del Corso ed il suo gelato al yogurt. Solo ingredienti genuini. Scopri di pi\u00f9 sul sito ufficiale.","breadcrumb":{"@id":"https:\/\/anticagelateriadelcorso.com\/it\/gusti\/yogurt\/#breadcrumb"},"inLanguage":"it-IT","potentialAction":[{"@type":"ReadAction","target":["https:\/\/anticagelateriadelcorso.com\/it\/gusti\/yogurt\/"]}]},{"@type":"BreadcrumbList","@id":"https:\/\/anticagelateriadelcorso.com\/it\/gusti\/yogurt\/#breadcrumb","itemListElement":[{"@type":"ListItem","position":1,"name":"Home","item":"https:\/\/anticagelateriadelcorso.com\/it\/"},{"@type":"ListItem","position":2,"name":"I gusti","item":"https:\/\/anticagelateriadelcorso.com\/it\/gusti\/"},{"@type":"ListItem","position":3,"name":"Yogurt"}]}]}},"_links":{"self":[{"href":"https:\/\/anticagelateriadelcorso.com\/it\/wp-json\/wp\/v2\/pages\/149"}],"collection":[{"href":"https:\/\/anticagelateriadelcorso.com\/it\/wp-json\/wp\/v2\/pages"}],"about":[{"href":"https:\/\/anticagelateriadelcorso.com\/it\/wp-json\/wp\/v2\/types\/page"}],"author":[{"embeddable":true,"href":"https:\/\/anticagelateriadelcorso.com\/it\/wp-json\/wp\/v2\/users\/2"}],"replies":[{"embeddable":true,"href":"https:\/\/anticagelateriadelcorso.com\/it\/wp-json\/wp\/v2\/comments?post=149"}],"version-history":[{"count":11,"href":"https:\/\/anticagelateriadelcorso.com\/it\/wp-json\/wp\/v2\/pages\/149\/revisions"}],"predecessor-version":[{"id":1988,"href":"https:\/\/anticagelateriadelcorso.com\/it\/wp-json\/wp\/v2\/pages\/149\/revisions\/1988"}],"up":[{"embeddable":true,"href":"https:\/\/anticagelateriadelcorso.com\/it\/wp-json\/wp\/v2\/pages\/8"}],"wp:featuredmedia":[{"embeddable":true,"href":"https:\/\/anticagelateriadelcorso.com\/it\/wp-json\/wp\/v2\/media\/150"}],"wp:attachment":[{"href":"https:\/\/anticagelateriadelcorso.com\/it\/wp-json\/wp\/v2\/media?parent=149"}],"curies":[{"name":"wp","href":"https:\/\/api.w.org\/{rel}","templated":true}]}}