{"id":184,"date":"2019-01-23T08:31:40","date_gmt":"2019-01-23T07:31:40","guid":{"rendered":"http:\/\/anticagelateriadelcorso.com\/it\/?page_id=184"},"modified":"2024-07-17T11:35:01","modified_gmt":"2024-07-17T09:35:01","slug":"tiramisu-al-mascarpone","status":"publish","type":"page","link":"https:\/\/anticagelateriadelcorso.com\/it\/gusti\/tiramisu-al-mascarpone\/","title":{"rendered":"Tiramis\u00f9 al Mascarpone"},"content":{"rendered":"\r\n<p>\u00c8 cos\u00ec buono che \u00e8 come se ci fosse da sempre. Ritenuto da molti il dolce italiano per eccellenza, il tiramis\u00f9 sa conquistare con semplicit\u00e0 anche i palati pi\u00f9 raffinati.<\/p>\r\n\r\n\r\n\r\n<p>Come ogni grande piatto, molte ipotesi gravitano attorno alla nascita del Tiramis\u00f9, che hanno contribuito a renderlo una vera e propria leggenda.<\/p>\r\n\r\n\r\n\r\n<p>Uova da allevamento all\u2019aperto e Cacao certificato Rainforest Alliance sono solo alcuni degli ingredienti genuini con cui\u00a0<strong>Antica Gelateria del Corso<\/strong>\u00ae realizza il suo gelato\u00a0<strong>Tiramis\u00f9 al Mascarpone<\/strong>, l\u2019unico capace di unire tradizione e gusto da intere generazioni di alta gelateria italiana.<\/p>\r\n","protected":false},"excerpt":{"rendered":"<p>Tiramis\u00f9 al Mascarpone, l\u2019unico capace di unire tradizione e gusto da intere generazioni di alta gelateria italiana.<\/p>\n","protected":false},"author":2,"featured_media":185,"parent":8,"menu_order":14,"comment_status":"closed","ping_status":"closed","template":"tpl-product.php","meta":[],"yoast_head":"<!-- This site is optimized with the Yoast SEO plugin v18.5.1 - https:\/\/yoast.com\/wordpress\/plugins\/seo\/ -->\n<title>Gelato Tiramis\u00f9 al Mascarpone - Antica Gelateria del Corso<\/title>\n<meta name=\"description\" content=\"Scopri la bont\u00e0 del gelato a gusto tiramis\u00f9 di Antica Gelateria del Corso. Ricetta tradizionale, ingredienti genuini e tanta bont\u00e0 per il tiramis\u00f9 originale.\" \/>\n<meta name=\"robots\" content=\"index, follow, max-snippet:-1, max-image-preview:large, max-video-preview:-1\" \/>\n<link rel=\"canonical\" href=\"https:\/\/anticagelateriadelcorso.com\/it\/gusti\/tiramisu-al-mascarpone\/\" \/>\n<meta property=\"og:locale\" content=\"it_IT\" \/>\n<meta property=\"og:type\" content=\"article\" \/>\n<meta property=\"og:title\" content=\"Gelato Tiramis\u00f9 al Mascarpone - Antica Gelateria del Corso\" \/>\n<meta property=\"og:description\" content=\"Scopri la bont\u00e0 del gelato a gusto tiramis\u00f9 di Antica Gelateria del Corso. Ricetta tradizionale, ingredienti genuini e tanta bont\u00e0 per il tiramis\u00f9 originale.\" \/>\n<meta property=\"og:url\" content=\"https:\/\/anticagelateriadelcorso.com\/it\/gusti\/tiramisu-al-mascarpone\/\" \/>\n<meta property=\"og:site_name\" content=\"Italiano\" \/>\n<meta property=\"article:modified_time\" content=\"2024-07-17T09:35:01+00:00\" \/>\n<meta property=\"og:image\" content=\"https:\/\/anticagelateriadelcorso.com\/it\/wp-content\/uploads\/sites\/2\/2019\/01\/img_thumbnail-tiramisu.png\" \/>\n\t<meta property=\"og:image:width\" content=\"600\" \/>\n\t<meta property=\"og:image:height\" content=\"600\" \/>\n\t<meta property=\"og:image:type\" content=\"image\/png\" \/>\n<meta name=\"twitter:card\" content=\"summary_large_image\" \/>\n<meta name=\"twitter:label1\" content=\"Tempo di lettura stimato\" \/>\n\t<meta name=\"twitter:data1\" content=\"1 minuto\" \/>\n<script type=\"application\/ld+json\" class=\"yoast-schema-graph\">{\"@context\":\"https:\/\/schema.org\",\"@graph\":[{\"@type\":\"WebSite\",\"@id\":\"https:\/\/anticagelateriadelcorso.com\/it\/#website\",\"url\":\"https:\/\/anticagelateriadelcorso.com\/it\/\",\"name\":\"Italiano\",\"description\":\"Antica Gelateria del Corso\",\"potentialAction\":[{\"@type\":\"SearchAction\",\"target\":{\"@type\":\"EntryPoint\",\"urlTemplate\":\"https:\/\/anticagelateriadelcorso.com\/it\/?s={search_term_string}\"},\"query-input\":\"required name=search_term_string\"}],\"inLanguage\":\"it-IT\"},{\"@type\":\"ImageObject\",\"@id\":\"https:\/\/anticagelateriadelcorso.com\/it\/gusti\/tiramisu-al-mascarpone\/#primaryimage\",\"inLanguage\":\"it-IT\",\"url\":\"https:\/\/anticagelateriadelcorso.com\/it\/wp-content\/uploads\/sites\/2\/2019\/01\/img_thumbnail-tiramisu.png\",\"contentUrl\":\"https:\/\/anticagelateriadelcorso.com\/it\/wp-content\/uploads\/sites\/2\/2019\/01\/img_thumbnail-tiramisu.png\",\"width\":600,\"height\":600},{\"@type\":\"WebPage\",\"@id\":\"https:\/\/anticagelateriadelcorso.com\/it\/gusti\/tiramisu-al-mascarpone\/#webpage\",\"url\":\"https:\/\/anticagelateriadelcorso.com\/it\/gusti\/tiramisu-al-mascarpone\/\",\"name\":\"Gelato Tiramis\u00f9 al Mascarpone - Antica Gelateria del Corso\",\"isPartOf\":{\"@id\":\"https:\/\/anticagelateriadelcorso.com\/it\/#website\"},\"primaryImageOfPage\":{\"@id\":\"https:\/\/anticagelateriadelcorso.com\/it\/gusti\/tiramisu-al-mascarpone\/#primaryimage\"},\"datePublished\":\"2019-01-23T07:31:40+00:00\",\"dateModified\":\"2024-07-17T09:35:01+00:00\",\"description\":\"Scopri la bont\u00e0 del gelato a gusto tiramis\u00f9 di Antica Gelateria del Corso. Ricetta tradizionale, ingredienti genuini e tanta bont\u00e0 per il tiramis\u00f9 originale.\",\"breadcrumb\":{\"@id\":\"https:\/\/anticagelateriadelcorso.com\/it\/gusti\/tiramisu-al-mascarpone\/#breadcrumb\"},\"inLanguage\":\"it-IT\",\"potentialAction\":[{\"@type\":\"ReadAction\",\"target\":[\"https:\/\/anticagelateriadelcorso.com\/it\/gusti\/tiramisu-al-mascarpone\/\"]}]},{\"@type\":\"BreadcrumbList\",\"@id\":\"https:\/\/anticagelateriadelcorso.com\/it\/gusti\/tiramisu-al-mascarpone\/#breadcrumb\",\"itemListElement\":[{\"@type\":\"ListItem\",\"position\":1,\"name\":\"Home\",\"item\":\"https:\/\/anticagelateriadelcorso.com\/it\/\"},{\"@type\":\"ListItem\",\"position\":2,\"name\":\"I gusti\",\"item\":\"https:\/\/anticagelateriadelcorso.com\/it\/gusti\/\"},{\"@type\":\"ListItem\",\"position\":3,\"name\":\"Tiramis\u00f9 al Mascarpone\"}]}]}<\/script>\n<!-- \/ Yoast SEO plugin. -->","yoast_head_json":{"title":"Gelato Tiramis\u00f9 al Mascarpone - Antica Gelateria del Corso","description":"Scopri la bont\u00e0 del gelato a gusto tiramis\u00f9 di Antica Gelateria del Corso. Ricetta tradizionale, ingredienti genuini e tanta bont\u00e0 per il tiramis\u00f9 originale.","robots":{"index":"index","follow":"follow","max-snippet":"max-snippet:-1","max-image-preview":"max-image-preview:large","max-video-preview":"max-video-preview:-1"},"canonical":"https:\/\/anticagelateriadelcorso.com\/it\/gusti\/tiramisu-al-mascarpone\/","og_locale":"it_IT","og_type":"article","og_title":"Gelato Tiramis\u00f9 al Mascarpone - Antica Gelateria del Corso","og_description":"Scopri la bont\u00e0 del gelato a gusto tiramis\u00f9 di Antica Gelateria del Corso. Ricetta tradizionale, ingredienti genuini e tanta bont\u00e0 per il tiramis\u00f9 originale.","og_url":"https:\/\/anticagelateriadelcorso.com\/it\/gusti\/tiramisu-al-mascarpone\/","og_site_name":"Italiano","article_modified_time":"2024-07-17T09:35:01+00:00","og_image":[{"width":600,"height":600,"url":"https:\/\/anticagelateriadelcorso.com\/it\/wp-content\/uploads\/sites\/2\/2019\/01\/img_thumbnail-tiramisu.png","type":"image\/png"}],"twitter_card":"summary_large_image","twitter_misc":{"Tempo di lettura stimato":"1 minuto"},"schema":{"@context":"https:\/\/schema.org","@graph":[{"@type":"WebSite","@id":"https:\/\/anticagelateriadelcorso.com\/it\/#website","url":"https:\/\/anticagelateriadelcorso.com\/it\/","name":"Italiano","description":"Antica Gelateria del Corso","potentialAction":[{"@type":"SearchAction","target":{"@type":"EntryPoint","urlTemplate":"https:\/\/anticagelateriadelcorso.com\/it\/?s={search_term_string}"},"query-input":"required name=search_term_string"}],"inLanguage":"it-IT"},{"@type":"ImageObject","@id":"https:\/\/anticagelateriadelcorso.com\/it\/gusti\/tiramisu-al-mascarpone\/#primaryimage","inLanguage":"it-IT","url":"https:\/\/anticagelateriadelcorso.com\/it\/wp-content\/uploads\/sites\/2\/2019\/01\/img_thumbnail-tiramisu.png","contentUrl":"https:\/\/anticagelateriadelcorso.com\/it\/wp-content\/uploads\/sites\/2\/2019\/01\/img_thumbnail-tiramisu.png","width":600,"height":600},{"@type":"WebPage","@id":"https:\/\/anticagelateriadelcorso.com\/it\/gusti\/tiramisu-al-mascarpone\/#webpage","url":"https:\/\/anticagelateriadelcorso.com\/it\/gusti\/tiramisu-al-mascarpone\/","name":"Gelato Tiramis\u00f9 al Mascarpone - Antica Gelateria del Corso","isPartOf":{"@id":"https:\/\/anticagelateriadelcorso.com\/it\/#website"},"primaryImageOfPage":{"@id":"https:\/\/anticagelateriadelcorso.com\/it\/gusti\/tiramisu-al-mascarpone\/#primaryimage"},"datePublished":"2019-01-23T07:31:40+00:00","dateModified":"2024-07-17T09:35:01+00:00","description":"Scopri la bont\u00e0 del gelato a gusto tiramis\u00f9 di Antica Gelateria del Corso. Ricetta tradizionale, ingredienti genuini e tanta bont\u00e0 per il tiramis\u00f9 originale.","breadcrumb":{"@id":"https:\/\/anticagelateriadelcorso.com\/it\/gusti\/tiramisu-al-mascarpone\/#breadcrumb"},"inLanguage":"it-IT","potentialAction":[{"@type":"ReadAction","target":["https:\/\/anticagelateriadelcorso.com\/it\/gusti\/tiramisu-al-mascarpone\/"]}]},{"@type":"BreadcrumbList","@id":"https:\/\/anticagelateriadelcorso.com\/it\/gusti\/tiramisu-al-mascarpone\/#breadcrumb","itemListElement":[{"@type":"ListItem","position":1,"name":"Home","item":"https:\/\/anticagelateriadelcorso.com\/it\/"},{"@type":"ListItem","position":2,"name":"I gusti","item":"https:\/\/anticagelateriadelcorso.com\/it\/gusti\/"},{"@type":"ListItem","position":3,"name":"Tiramis\u00f9 al Mascarpone"}]}]}},"_links":{"self":[{"href":"https:\/\/anticagelateriadelcorso.com\/it\/wp-json\/wp\/v2\/pages\/184"}],"collection":[{"href":"https:\/\/anticagelateriadelcorso.com\/it\/wp-json\/wp\/v2\/pages"}],"about":[{"href":"https:\/\/anticagelateriadelcorso.com\/it\/wp-json\/wp\/v2\/types\/page"}],"author":[{"embeddable":true,"href":"https:\/\/anticagelateriadelcorso.com\/it\/wp-json\/wp\/v2\/users\/2"}],"replies":[{"embeddable":true,"href":"https:\/\/anticagelateriadelcorso.com\/it\/wp-json\/wp\/v2\/comments?post=184"}],"version-history":[{"count":17,"href":"https:\/\/anticagelateriadelcorso.com\/it\/wp-json\/wp\/v2\/pages\/184\/revisions"}],"predecessor-version":[{"id":1941,"href":"https:\/\/anticagelateriadelcorso.com\/it\/wp-json\/wp\/v2\/pages\/184\/revisions\/1941"}],"up":[{"embeddable":true,"href":"https:\/\/anticagelateriadelcorso.com\/it\/wp-json\/wp\/v2\/pages\/8"}],"wp:featuredmedia":[{"embeddable":true,"href":"https:\/\/anticagelateriadelcorso.com\/it\/wp-json\/wp\/v2\/media\/185"}],"wp:attachment":[{"href":"https:\/\/anticagelateriadelcorso.com\/it\/wp-json\/wp\/v2\/media?parent=184"}],"curies":[{"name":"wp","href":"https:\/\/api.w.org\/{rel}","templated":true}]}}