{"id":283,"date":"2019-01-23T10:20:26","date_gmt":"2019-01-23T09:20:26","guid":{"rendered":"http:\/\/anticagelateriadelcorso.com\/it\/?page_id=283"},"modified":"2024-07-17T11:39:49","modified_gmt":"2024-07-17T09:39:49","slug":"fondente-extra","status":"publish","type":"page","link":"https:\/\/anticagelateriadelcorso.com\/it\/gusti\/fondente-extra\/","title":{"rendered":"Fondente Extra 70%"},"content":{"rendered":"\r\n<p>Gli antichi popoli arabi parlavano di\u00a0<em>sherbeth<\/em>\u00a0per indicare una bevanda fresca.<\/p>\r\n\r\n\r\n\r\n<p>Nella seconda met\u00e0 del XVI secolo si afferm\u00f2 nelle corti la sua produzione.<\/p>\r\n\r\n\r\n\r\n<p>Ma \u00e8 nel XVII secolo che il\u00a0<strong>sorbetto<\/strong>\u00a0conquista il palato della borghesia italiana ed europea, grazie alla sua cremosa freschezza.<\/p>\r\n\r\n\r\n\r\n<p><strong>Antica Gelateria del Corso<\/strong>\u00ae utilizza Cioccolato Fondente Extra 70% e aromi naturali per realizzare un sorbetto leggero e rinfrescante, senza grassi animali e coloranti.<\/p>\r\n","protected":false},"excerpt":{"rendered":"<p><strong>Antica Gelateria del Corso<\/strong> utilizza Cioccolato Fondente Extra 70% per realizzare un sorbetto leggero e rinfrescante.<\/p>\n","protected":false},"author":2,"featured_media":284,"parent":8,"menu_order":27,"comment_status":"closed","ping_status":"closed","template":"tpl-product.php","meta":[],"yoast_head":"<!-- This site is optimized with the Yoast SEO plugin v18.5.1 - https:\/\/yoast.com\/wordpress\/plugins\/seo\/ -->\n<title>Sorbetto Gusto Fondente Extra 70% - Antica Gelateria del Corso<\/title>\n<meta name=\"description\" content=\"Il sorbetto al gusto fondente extra 70% di Antica Gelateria del Corso \u00e8 realizzato con prodotti di primissima qualit\u00e0. Scopri la bont\u00e0 dei nostri gelati.\" \/>\n<meta name=\"robots\" content=\"index, follow, max-snippet:-1, max-image-preview:large, max-video-preview:-1\" \/>\n<link rel=\"canonical\" href=\"https:\/\/anticagelateriadelcorso.com\/it\/gusti\/fondente-extra\/\" \/>\n<meta property=\"og:locale\" content=\"it_IT\" \/>\n<meta property=\"og:type\" content=\"article\" \/>\n<meta property=\"og:title\" content=\"Sorbetto Gusto Fondente Extra 70% - Antica Gelateria del Corso\" \/>\n<meta property=\"og:description\" content=\"Il sorbetto al gusto fondente extra 70% di Antica Gelateria del Corso \u00e8 realizzato con prodotti di primissima qualit\u00e0. Scopri la bont\u00e0 dei nostri gelati.\" \/>\n<meta property=\"og:url\" content=\"https:\/\/anticagelateriadelcorso.com\/it\/gusti\/fondente-extra\/\" \/>\n<meta property=\"og:site_name\" content=\"Italiano\" \/>\n<meta property=\"article:modified_time\" content=\"2024-07-17T09:39:49+00:00\" \/>\n<meta property=\"og:image\" content=\"https:\/\/anticagelateriadelcorso.com\/it\/wp-content\/uploads\/sites\/2\/2019\/01\/img_thumbnail-fondente.jpg\" \/>\n\t<meta property=\"og:image:width\" content=\"600\" \/>\n\t<meta property=\"og:image:height\" content=\"600\" \/>\n\t<meta property=\"og:image:type\" content=\"image\/jpeg\" \/>\n<meta name=\"twitter:card\" content=\"summary_large_image\" \/>\n<meta name=\"twitter:label1\" content=\"Tempo di lettura stimato\" \/>\n\t<meta name=\"twitter:data1\" content=\"1 minuto\" \/>\n<script type=\"application\/ld+json\" class=\"yoast-schema-graph\">{\"@context\":\"https:\/\/schema.org\",\"@graph\":[{\"@type\":\"WebSite\",\"@id\":\"https:\/\/anticagelateriadelcorso.com\/it\/#website\",\"url\":\"https:\/\/anticagelateriadelcorso.com\/it\/\",\"name\":\"Italiano\",\"description\":\"Antica Gelateria del Corso\",\"potentialAction\":[{\"@type\":\"SearchAction\",\"target\":{\"@type\":\"EntryPoint\",\"urlTemplate\":\"https:\/\/anticagelateriadelcorso.com\/it\/?s={search_term_string}\"},\"query-input\":\"required name=search_term_string\"}],\"inLanguage\":\"it-IT\"},{\"@type\":\"ImageObject\",\"@id\":\"https:\/\/anticagelateriadelcorso.com\/it\/gusti\/fondente-extra\/#primaryimage\",\"inLanguage\":\"it-IT\",\"url\":\"https:\/\/anticagelateriadelcorso.com\/it\/wp-content\/uploads\/sites\/2\/2019\/01\/img_thumbnail-fondente.jpg\",\"contentUrl\":\"https:\/\/anticagelateriadelcorso.com\/it\/wp-content\/uploads\/sites\/2\/2019\/01\/img_thumbnail-fondente.jpg\",\"width\":600,\"height\":600},{\"@type\":\"WebPage\",\"@id\":\"https:\/\/anticagelateriadelcorso.com\/it\/gusti\/fondente-extra\/#webpage\",\"url\":\"https:\/\/anticagelateriadelcorso.com\/it\/gusti\/fondente-extra\/\",\"name\":\"Sorbetto Gusto Fondente Extra 70% - Antica Gelateria del Corso\",\"isPartOf\":{\"@id\":\"https:\/\/anticagelateriadelcorso.com\/it\/#website\"},\"primaryImageOfPage\":{\"@id\":\"https:\/\/anticagelateriadelcorso.com\/it\/gusti\/fondente-extra\/#primaryimage\"},\"datePublished\":\"2019-01-23T09:20:26+00:00\",\"dateModified\":\"2024-07-17T09:39:49+00:00\",\"description\":\"Il sorbetto al gusto fondente extra 70% di Antica Gelateria del Corso \u00e8 realizzato con prodotti di primissima qualit\u00e0. Scopri la bont\u00e0 dei nostri gelati.\",\"breadcrumb\":{\"@id\":\"https:\/\/anticagelateriadelcorso.com\/it\/gusti\/fondente-extra\/#breadcrumb\"},\"inLanguage\":\"it-IT\",\"potentialAction\":[{\"@type\":\"ReadAction\",\"target\":[\"https:\/\/anticagelateriadelcorso.com\/it\/gusti\/fondente-extra\/\"]}]},{\"@type\":\"BreadcrumbList\",\"@id\":\"https:\/\/anticagelateriadelcorso.com\/it\/gusti\/fondente-extra\/#breadcrumb\",\"itemListElement\":[{\"@type\":\"ListItem\",\"position\":1,\"name\":\"Home\",\"item\":\"https:\/\/anticagelateriadelcorso.com\/it\/\"},{\"@type\":\"ListItem\",\"position\":2,\"name\":\"I gusti\",\"item\":\"https:\/\/anticagelateriadelcorso.com\/it\/gusti\/\"},{\"@type\":\"ListItem\",\"position\":3,\"name\":\"Fondente Extra 70%\"}]}]}<\/script>\n<!-- \/ Yoast SEO plugin. -->","yoast_head_json":{"title":"Sorbetto Gusto Fondente Extra 70% - Antica Gelateria del Corso","description":"Il sorbetto al gusto fondente extra 70% di Antica Gelateria del Corso \u00e8 realizzato con prodotti di primissima qualit\u00e0. Scopri la bont\u00e0 dei nostri gelati.","robots":{"index":"index","follow":"follow","max-snippet":"max-snippet:-1","max-image-preview":"max-image-preview:large","max-video-preview":"max-video-preview:-1"},"canonical":"https:\/\/anticagelateriadelcorso.com\/it\/gusti\/fondente-extra\/","og_locale":"it_IT","og_type":"article","og_title":"Sorbetto Gusto Fondente Extra 70% - Antica Gelateria del Corso","og_description":"Il sorbetto al gusto fondente extra 70% di Antica Gelateria del Corso \u00e8 realizzato con prodotti di primissima qualit\u00e0. Scopri la bont\u00e0 dei nostri gelati.","og_url":"https:\/\/anticagelateriadelcorso.com\/it\/gusti\/fondente-extra\/","og_site_name":"Italiano","article_modified_time":"2024-07-17T09:39:49+00:00","og_image":[{"width":600,"height":600,"url":"https:\/\/anticagelateriadelcorso.com\/it\/wp-content\/uploads\/sites\/2\/2019\/01\/img_thumbnail-fondente.jpg","type":"image\/jpeg"}],"twitter_card":"summary_large_image","twitter_misc":{"Tempo di lettura stimato":"1 minuto"},"schema":{"@context":"https:\/\/schema.org","@graph":[{"@type":"WebSite","@id":"https:\/\/anticagelateriadelcorso.com\/it\/#website","url":"https:\/\/anticagelateriadelcorso.com\/it\/","name":"Italiano","description":"Antica Gelateria del Corso","potentialAction":[{"@type":"SearchAction","target":{"@type":"EntryPoint","urlTemplate":"https:\/\/anticagelateriadelcorso.com\/it\/?s={search_term_string}"},"query-input":"required name=search_term_string"}],"inLanguage":"it-IT"},{"@type":"ImageObject","@id":"https:\/\/anticagelateriadelcorso.com\/it\/gusti\/fondente-extra\/#primaryimage","inLanguage":"it-IT","url":"https:\/\/anticagelateriadelcorso.com\/it\/wp-content\/uploads\/sites\/2\/2019\/01\/img_thumbnail-fondente.jpg","contentUrl":"https:\/\/anticagelateriadelcorso.com\/it\/wp-content\/uploads\/sites\/2\/2019\/01\/img_thumbnail-fondente.jpg","width":600,"height":600},{"@type":"WebPage","@id":"https:\/\/anticagelateriadelcorso.com\/it\/gusti\/fondente-extra\/#webpage","url":"https:\/\/anticagelateriadelcorso.com\/it\/gusti\/fondente-extra\/","name":"Sorbetto Gusto Fondente Extra 70% - Antica Gelateria del Corso","isPartOf":{"@id":"https:\/\/anticagelateriadelcorso.com\/it\/#website"},"primaryImageOfPage":{"@id":"https:\/\/anticagelateriadelcorso.com\/it\/gusti\/fondente-extra\/#primaryimage"},"datePublished":"2019-01-23T09:20:26+00:00","dateModified":"2024-07-17T09:39:49+00:00","description":"Il sorbetto al gusto fondente extra 70% di Antica Gelateria del Corso \u00e8 realizzato con prodotti di primissima qualit\u00e0. Scopri la bont\u00e0 dei nostri gelati.","breadcrumb":{"@id":"https:\/\/anticagelateriadelcorso.com\/it\/gusti\/fondente-extra\/#breadcrumb"},"inLanguage":"it-IT","potentialAction":[{"@type":"ReadAction","target":["https:\/\/anticagelateriadelcorso.com\/it\/gusti\/fondente-extra\/"]}]},{"@type":"BreadcrumbList","@id":"https:\/\/anticagelateriadelcorso.com\/it\/gusti\/fondente-extra\/#breadcrumb","itemListElement":[{"@type":"ListItem","position":1,"name":"Home","item":"https:\/\/anticagelateriadelcorso.com\/it\/"},{"@type":"ListItem","position":2,"name":"I gusti","item":"https:\/\/anticagelateriadelcorso.com\/it\/gusti\/"},{"@type":"ListItem","position":3,"name":"Fondente Extra 70%"}]}]}},"_links":{"self":[{"href":"https:\/\/anticagelateriadelcorso.com\/it\/wp-json\/wp\/v2\/pages\/283"}],"collection":[{"href":"https:\/\/anticagelateriadelcorso.com\/it\/wp-json\/wp\/v2\/pages"}],"about":[{"href":"https:\/\/anticagelateriadelcorso.com\/it\/wp-json\/wp\/v2\/types\/page"}],"author":[{"embeddable":true,"href":"https:\/\/anticagelateriadelcorso.com\/it\/wp-json\/wp\/v2\/users\/2"}],"replies":[{"embeddable":true,"href":"https:\/\/anticagelateriadelcorso.com\/it\/wp-json\/wp\/v2\/comments?post=283"}],"version-history":[{"count":30,"href":"https:\/\/anticagelateriadelcorso.com\/it\/wp-json\/wp\/v2\/pages\/283\/revisions"}],"predecessor-version":[{"id":1959,"href":"https:\/\/anticagelateriadelcorso.com\/it\/wp-json\/wp\/v2\/pages\/283\/revisions\/1959"}],"up":[{"embeddable":true,"href":"https:\/\/anticagelateriadelcorso.com\/it\/wp-json\/wp\/v2\/pages\/8"}],"wp:featuredmedia":[{"embeddable":true,"href":"https:\/\/anticagelateriadelcorso.com\/it\/wp-json\/wp\/v2\/media\/284"}],"wp:attachment":[{"href":"https:\/\/anticagelateriadelcorso.com\/it\/wp-json\/wp\/v2\/media?parent=283"}],"curies":[{"name":"wp","href":"https:\/\/api.w.org\/{rel}","templated":true}]}}