{"id":6,"date":"2019-01-21T16:52:11","date_gmt":"2019-01-21T15:52:11","guid":{"rendered":"http:\/\/anticagelateriadelcorso.com\/it\/?page_id=6"},"modified":"2024-03-14T11:18:09","modified_gmt":"2024-03-14T10:18:09","slug":"storia","status":"publish","type":"page","link":"https:\/\/anticagelateriadelcorso.com\/it\/storia\/","title":{"rendered":"La storia"},"content":{"rendered":"\r\n<p>La storia di&nbsp;<strong>Antica Gelateria del Corso\u00ae<\/strong>&nbsp;coincide con la storia del gelato italiano.&nbsp;<strong>Una tradizione fatta di passione e cura per i dettagli<\/strong>. \u00c8 cos\u00ec che quella che era iniziata nel centro di Parma come una piccola realt\u00e0 di quartiere, \u00e8 cresciuta negli anni fino a diventare nota ovunque per la sua costante ricerca di novit\u00e0 e la qualit\u00e0 dei suoi prodotti.<\/p>\r\n","protected":false},"excerpt":{"rendered":"<p>La storia di&nbsp;Antica Gelateria del Corso\u00ae&nbsp;coincide con la storia del gelato italiano.&nbsp;Una tradizione fatta di passione e cura per i dettagli. \u00c8 cos\u00ec che quella che era iniziata nel centro di Parma come una piccola realt\u00e0 di quartiere, \u00e8 cresciuta negli anni fino a diventare nota ovunque per la sua costante ricerca di novit\u00e0 e [&hellip;]<\/p>\n","protected":false},"author":1,"featured_media":0,"parent":0,"menu_order":0,"comment_status":"closed","ping_status":"closed","template":"tpl-history.php","meta":[],"yoast_head":"<!-- This site is optimized with the Yoast SEO plugin v18.5.1 - https:\/\/yoast.com\/wordpress\/plugins\/seo\/ -->\n<title>La nostra Storia - Antica Gelateria del Corso<\/title>\n<meta name=\"description\" content=\"Scopri la nostra storia, la storia di Antica Gelateria del Corso: le origini nei primi del &#039;900, il legame con la citt\u00e0 di Parma, la tradizione dei nostri gelati.\" \/>\n<meta name=\"robots\" content=\"index, follow, max-snippet:-1, max-image-preview:large, max-video-preview:-1\" \/>\n<link rel=\"canonical\" href=\"https:\/\/anticagelateriadelcorso.com\/it\/storia\/\" \/>\n<meta property=\"og:locale\" content=\"it_IT\" \/>\n<meta property=\"og:type\" content=\"article\" \/>\n<meta property=\"og:title\" content=\"La nostra Storia - Antica Gelateria del Corso\" \/>\n<meta property=\"og:description\" content=\"Scopri la nostra storia, la storia di Antica Gelateria del Corso: le origini nei primi del &#039;900, il legame con la citt\u00e0 di Parma, la tradizione dei nostri gelati.\" \/>\n<meta property=\"og:url\" content=\"https:\/\/anticagelateriadelcorso.com\/it\/storia\/\" \/>\n<meta property=\"og:site_name\" content=\"Italiano\" \/>\n<meta property=\"article:modified_time\" content=\"2024-03-14T10:18:09+00:00\" \/>\n<meta name=\"twitter:card\" content=\"summary_large_image\" \/>\n<meta name=\"twitter:label1\" content=\"Tempo di lettura stimato\" \/>\n\t<meta name=\"twitter:data1\" content=\"1 minuto\" \/>\n<script type=\"application\/ld+json\" class=\"yoast-schema-graph\">{\"@context\":\"https:\/\/schema.org\",\"@graph\":[{\"@type\":\"WebSite\",\"@id\":\"https:\/\/anticagelateriadelcorso.com\/it\/#website\",\"url\":\"https:\/\/anticagelateriadelcorso.com\/it\/\",\"name\":\"Italiano\",\"description\":\"Antica Gelateria del Corso\",\"potentialAction\":[{\"@type\":\"SearchAction\",\"target\":{\"@type\":\"EntryPoint\",\"urlTemplate\":\"https:\/\/anticagelateriadelcorso.com\/it\/?s={search_term_string}\"},\"query-input\":\"required name=search_term_string\"}],\"inLanguage\":\"it-IT\"},{\"@type\":\"WebPage\",\"@id\":\"https:\/\/anticagelateriadelcorso.com\/it\/storia\/#webpage\",\"url\":\"https:\/\/anticagelateriadelcorso.com\/it\/storia\/\",\"name\":\"La nostra Storia - Antica Gelateria del Corso\",\"isPartOf\":{\"@id\":\"https:\/\/anticagelateriadelcorso.com\/it\/#website\"},\"datePublished\":\"2019-01-21T15:52:11+00:00\",\"dateModified\":\"2024-03-14T10:18:09+00:00\",\"description\":\"Scopri la nostra storia, la storia di Antica Gelateria del Corso: le origini nei primi del '900, il legame con la citt\u00e0 di Parma, la tradizione dei nostri gelati.\",\"breadcrumb\":{\"@id\":\"https:\/\/anticagelateriadelcorso.com\/it\/storia\/#breadcrumb\"},\"inLanguage\":\"it-IT\",\"potentialAction\":[{\"@type\":\"ReadAction\",\"target\":[\"https:\/\/anticagelateriadelcorso.com\/it\/storia\/\"]}]},{\"@type\":\"BreadcrumbList\",\"@id\":\"https:\/\/anticagelateriadelcorso.com\/it\/storia\/#breadcrumb\",\"itemListElement\":[{\"@type\":\"ListItem\",\"position\":1,\"name\":\"Home\",\"item\":\"https:\/\/anticagelateriadelcorso.com\/it\/\"},{\"@type\":\"ListItem\",\"position\":2,\"name\":\"La storia\"}]}]}<\/script>\n<!-- \/ Yoast SEO plugin. -->","yoast_head_json":{"title":"La nostra Storia - Antica Gelateria del Corso","description":"Scopri la nostra storia, la storia di Antica Gelateria del Corso: le origini nei primi del '900, il legame con la citt\u00e0 di Parma, la tradizione dei nostri gelati.","robots":{"index":"index","follow":"follow","max-snippet":"max-snippet:-1","max-image-preview":"max-image-preview:large","max-video-preview":"max-video-preview:-1"},"canonical":"https:\/\/anticagelateriadelcorso.com\/it\/storia\/","og_locale":"it_IT","og_type":"article","og_title":"La nostra Storia - Antica Gelateria del Corso","og_description":"Scopri la nostra storia, la storia di Antica Gelateria del Corso: le origini nei primi del '900, il legame con la citt\u00e0 di Parma, la tradizione dei nostri gelati.","og_url":"https:\/\/anticagelateriadelcorso.com\/it\/storia\/","og_site_name":"Italiano","article_modified_time":"2024-03-14T10:18:09+00:00","twitter_card":"summary_large_image","twitter_misc":{"Tempo di lettura stimato":"1 minuto"},"schema":{"@context":"https:\/\/schema.org","@graph":[{"@type":"WebSite","@id":"https:\/\/anticagelateriadelcorso.com\/it\/#website","url":"https:\/\/anticagelateriadelcorso.com\/it\/","name":"Italiano","description":"Antica Gelateria del Corso","potentialAction":[{"@type":"SearchAction","target":{"@type":"EntryPoint","urlTemplate":"https:\/\/anticagelateriadelcorso.com\/it\/?s={search_term_string}"},"query-input":"required name=search_term_string"}],"inLanguage":"it-IT"},{"@type":"WebPage","@id":"https:\/\/anticagelateriadelcorso.com\/it\/storia\/#webpage","url":"https:\/\/anticagelateriadelcorso.com\/it\/storia\/","name":"La nostra Storia - Antica Gelateria del Corso","isPartOf":{"@id":"https:\/\/anticagelateriadelcorso.com\/it\/#website"},"datePublished":"2019-01-21T15:52:11+00:00","dateModified":"2024-03-14T10:18:09+00:00","description":"Scopri la nostra storia, la storia di Antica Gelateria del Corso: le origini nei primi del '900, il legame con la citt\u00e0 di Parma, la tradizione dei nostri gelati.","breadcrumb":{"@id":"https:\/\/anticagelateriadelcorso.com\/it\/storia\/#breadcrumb"},"inLanguage":"it-IT","potentialAction":[{"@type":"ReadAction","target":["https:\/\/anticagelateriadelcorso.com\/it\/storia\/"]}]},{"@type":"BreadcrumbList","@id":"https:\/\/anticagelateriadelcorso.com\/it\/storia\/#breadcrumb","itemListElement":[{"@type":"ListItem","position":1,"name":"Home","item":"https:\/\/anticagelateriadelcorso.com\/it\/"},{"@type":"ListItem","position":2,"name":"La storia"}]}]}},"_links":{"self":[{"href":"https:\/\/anticagelateriadelcorso.com\/it\/wp-json\/wp\/v2\/pages\/6"}],"collection":[{"href":"https:\/\/anticagelateriadelcorso.com\/it\/wp-json\/wp\/v2\/pages"}],"about":[{"href":"https:\/\/anticagelateriadelcorso.com\/it\/wp-json\/wp\/v2\/types\/page"}],"author":[{"embeddable":true,"href":"https:\/\/anticagelateriadelcorso.com\/it\/wp-json\/wp\/v2\/users\/1"}],"replies":[{"embeddable":true,"href":"https:\/\/anticagelateriadelcorso.com\/it\/wp-json\/wp\/v2\/comments?post=6"}],"version-history":[{"count":25,"href":"https:\/\/anticagelateriadelcorso.com\/it\/wp-json\/wp\/v2\/pages\/6\/revisions"}],"predecessor-version":[{"id":1900,"href":"https:\/\/anticagelateriadelcorso.com\/it\/wp-json\/wp\/v2\/pages\/6\/revisions\/1900"}],"wp:attachment":[{"href":"https:\/\/anticagelateriadelcorso.com\/it\/wp-json\/wp\/v2\/media?parent=6"}],"curies":[{"name":"wp","href":"https:\/\/api.w.org\/{rel}","templated":true}]}}