{"id":652,"date":"2019-01-24T09:20:33","date_gmt":"2019-01-24T08:20:33","guid":{"rendered":"http:\/\/anticagelateriadelcorso.com\/it\/?page_id=652"},"modified":"2024-07-17T11:45:19","modified_gmt":"2024-07-17T09:45:19","slug":"trancio-al-cioccolato-fondente-70-e-caffe","status":"publish","type":"page","link":"https:\/\/anticagelateriadelcorso.com\/it\/creazioni\/trancio-al-cioccolato-fondente-70-e-caffe\/","title":{"rendered":"Trancio al Cioccolato Fondente 70% e Caff\u00e8"},"content":{"rendered":"\r\n<p>Solo Latte Fresco Italiano e aromi naturali per un dessert dal sapore deciso.<\/p>\r\n\r\n\r\n\r\n<p>Un gustoso strato di Gelato al Cioccolato Fondente 70% avvolge un cuore di Gelato al Caff\u00e8 100% Arabica,<\/p>\r\n\r\n\r\n\r\n<p>\u00a0decorato da croccanti granelle di Cioccolato Fondente.<\/p>\r\n","protected":false},"excerpt":{"rendered":"<p>Un gustoso strato di Gelato al Cioccolato Fondente 70% avvolge un cuore di Gelato al Caff\u00e8 100% Arabica.<\/p>\n","protected":false},"author":2,"featured_media":654,"parent":10,"menu_order":16,"comment_status":"closed","ping_status":"closed","template":"tpl-product.php","meta":[],"yoast_head":"<!-- This site is optimized with the Yoast SEO plugin v18.5.1 - https:\/\/yoast.com\/wordpress\/plugins\/seo\/ -->\n<title>Trancio Cioccolato Fondente 70% e Caff\u00e8 - Antica Gelateria del Corso<\/title>\n<meta name=\"description\" content=\"Trancio Cioccolato Fondente 70% e Caff\u00e8 Antica Gelateria del Corso: Un gustoso strato di Gelato al Cioccolato Fondente 70% avvolge un cuore di Gelato al Caff\u00e8 100% Arabica.\" \/>\n<meta name=\"robots\" content=\"index, follow, max-snippet:-1, max-image-preview:large, max-video-preview:-1\" \/>\n<link rel=\"canonical\" href=\"https:\/\/anticagelateriadelcorso.com\/it\/creazioni\/trancio-al-cioccolato-fondente-70-e-caffe\/\" \/>\n<meta property=\"og:locale\" content=\"it_IT\" \/>\n<meta property=\"og:type\" content=\"article\" \/>\n<meta property=\"og:title\" content=\"Trancio Cioccolato Fondente 70% e Caff\u00e8 - Antica Gelateria del Corso\" \/>\n<meta property=\"og:description\" content=\"Trancio Cioccolato Fondente 70% e Caff\u00e8 Antica Gelateria del Corso: Un gustoso strato di Gelato al Cioccolato Fondente 70% avvolge un cuore di Gelato al Caff\u00e8 100% Arabica.\" \/>\n<meta property=\"og:url\" content=\"https:\/\/anticagelateriadelcorso.com\/it\/creazioni\/trancio-al-cioccolato-fondente-70-e-caffe\/\" \/>\n<meta property=\"og:site_name\" content=\"Italiano\" \/>\n<meta property=\"article:modified_time\" content=\"2024-07-17T09:45:19+00:00\" \/>\n<meta property=\"og:image\" content=\"https:\/\/anticagelateriadelcorso.com\/it\/wp-content\/uploads\/sites\/2\/2019\/01\/img_thumbnail-caffe.png\" \/>\n\t<meta property=\"og:image:width\" content=\"600\" \/>\n\t<meta property=\"og:image:height\" content=\"600\" \/>\n\t<meta property=\"og:image:type\" content=\"image\/png\" \/>\n<meta name=\"twitter:card\" content=\"summary_large_image\" \/>\n<meta name=\"twitter:label1\" content=\"Tempo di lettura stimato\" \/>\n\t<meta name=\"twitter:data1\" content=\"1 minuto\" \/>\n<script type=\"application\/ld+json\" class=\"yoast-schema-graph\">{\"@context\":\"https:\/\/schema.org\",\"@graph\":[{\"@type\":\"WebSite\",\"@id\":\"https:\/\/anticagelateriadelcorso.com\/it\/#website\",\"url\":\"https:\/\/anticagelateriadelcorso.com\/it\/\",\"name\":\"Italiano\",\"description\":\"Antica Gelateria del Corso\",\"potentialAction\":[{\"@type\":\"SearchAction\",\"target\":{\"@type\":\"EntryPoint\",\"urlTemplate\":\"https:\/\/anticagelateriadelcorso.com\/it\/?s={search_term_string}\"},\"query-input\":\"required name=search_term_string\"}],\"inLanguage\":\"it-IT\"},{\"@type\":\"ImageObject\",\"@id\":\"https:\/\/anticagelateriadelcorso.com\/it\/creazioni\/trancio-al-cioccolato-fondente-70-e-caffe\/#primaryimage\",\"inLanguage\":\"it-IT\",\"url\":\"https:\/\/anticagelateriadelcorso.com\/it\/wp-content\/uploads\/sites\/2\/2019\/01\/img_thumbnail-caffe.png\",\"contentUrl\":\"https:\/\/anticagelateriadelcorso.com\/it\/wp-content\/uploads\/sites\/2\/2019\/01\/img_thumbnail-caffe.png\",\"width\":600,\"height\":600},{\"@type\":\"WebPage\",\"@id\":\"https:\/\/anticagelateriadelcorso.com\/it\/creazioni\/trancio-al-cioccolato-fondente-70-e-caffe\/#webpage\",\"url\":\"https:\/\/anticagelateriadelcorso.com\/it\/creazioni\/trancio-al-cioccolato-fondente-70-e-caffe\/\",\"name\":\"Trancio Cioccolato Fondente 70% e Caff\u00e8 - Antica Gelateria del Corso\",\"isPartOf\":{\"@id\":\"https:\/\/anticagelateriadelcorso.com\/it\/#website\"},\"primaryImageOfPage\":{\"@id\":\"https:\/\/anticagelateriadelcorso.com\/it\/creazioni\/trancio-al-cioccolato-fondente-70-e-caffe\/#primaryimage\"},\"datePublished\":\"2019-01-24T08:20:33+00:00\",\"dateModified\":\"2024-07-17T09:45:19+00:00\",\"description\":\"Trancio Cioccolato Fondente 70% e Caff\u00e8 Antica Gelateria del Corso: Un gustoso strato di Gelato al Cioccolato Fondente 70% avvolge un cuore di Gelato al Caff\u00e8 100% Arabica.\",\"breadcrumb\":{\"@id\":\"https:\/\/anticagelateriadelcorso.com\/it\/creazioni\/trancio-al-cioccolato-fondente-70-e-caffe\/#breadcrumb\"},\"inLanguage\":\"it-IT\",\"potentialAction\":[{\"@type\":\"ReadAction\",\"target\":[\"https:\/\/anticagelateriadelcorso.com\/it\/creazioni\/trancio-al-cioccolato-fondente-70-e-caffe\/\"]}]},{\"@type\":\"BreadcrumbList\",\"@id\":\"https:\/\/anticagelateriadelcorso.com\/it\/creazioni\/trancio-al-cioccolato-fondente-70-e-caffe\/#breadcrumb\",\"itemListElement\":[{\"@type\":\"ListItem\",\"position\":1,\"name\":\"Home\",\"item\":\"https:\/\/anticagelateriadelcorso.com\/it\/\"},{\"@type\":\"ListItem\",\"position\":2,\"name\":\"Le Creazioni\",\"item\":\"https:\/\/anticagelateriadelcorso.com\/it\/creazioni\/\"},{\"@type\":\"ListItem\",\"position\":3,\"name\":\"Trancio al Cioccolato Fondente 70% e Caff\u00e8\"}]}]}<\/script>\n<!-- \/ Yoast SEO plugin. -->","yoast_head_json":{"title":"Trancio Cioccolato Fondente 70% e Caff\u00e8 - Antica Gelateria del Corso","description":"Trancio Cioccolato Fondente 70% e Caff\u00e8 Antica Gelateria del Corso: Un gustoso strato di Gelato al Cioccolato Fondente 70% avvolge un cuore di Gelato al Caff\u00e8 100% Arabica.","robots":{"index":"index","follow":"follow","max-snippet":"max-snippet:-1","max-image-preview":"max-image-preview:large","max-video-preview":"max-video-preview:-1"},"canonical":"https:\/\/anticagelateriadelcorso.com\/it\/creazioni\/trancio-al-cioccolato-fondente-70-e-caffe\/","og_locale":"it_IT","og_type":"article","og_title":"Trancio Cioccolato Fondente 70% e Caff\u00e8 - Antica Gelateria del Corso","og_description":"Trancio Cioccolato Fondente 70% e Caff\u00e8 Antica Gelateria del Corso: Un gustoso strato di Gelato al Cioccolato Fondente 70% avvolge un cuore di Gelato al Caff\u00e8 100% Arabica.","og_url":"https:\/\/anticagelateriadelcorso.com\/it\/creazioni\/trancio-al-cioccolato-fondente-70-e-caffe\/","og_site_name":"Italiano","article_modified_time":"2024-07-17T09:45:19+00:00","og_image":[{"width":600,"height":600,"url":"https:\/\/anticagelateriadelcorso.com\/it\/wp-content\/uploads\/sites\/2\/2019\/01\/img_thumbnail-caffe.png","type":"image\/png"}],"twitter_card":"summary_large_image","twitter_misc":{"Tempo di lettura stimato":"1 minuto"},"schema":{"@context":"https:\/\/schema.org","@graph":[{"@type":"WebSite","@id":"https:\/\/anticagelateriadelcorso.com\/it\/#website","url":"https:\/\/anticagelateriadelcorso.com\/it\/","name":"Italiano","description":"Antica Gelateria del Corso","potentialAction":[{"@type":"SearchAction","target":{"@type":"EntryPoint","urlTemplate":"https:\/\/anticagelateriadelcorso.com\/it\/?s={search_term_string}"},"query-input":"required name=search_term_string"}],"inLanguage":"it-IT"},{"@type":"ImageObject","@id":"https:\/\/anticagelateriadelcorso.com\/it\/creazioni\/trancio-al-cioccolato-fondente-70-e-caffe\/#primaryimage","inLanguage":"it-IT","url":"https:\/\/anticagelateriadelcorso.com\/it\/wp-content\/uploads\/sites\/2\/2019\/01\/img_thumbnail-caffe.png","contentUrl":"https:\/\/anticagelateriadelcorso.com\/it\/wp-content\/uploads\/sites\/2\/2019\/01\/img_thumbnail-caffe.png","width":600,"height":600},{"@type":"WebPage","@id":"https:\/\/anticagelateriadelcorso.com\/it\/creazioni\/trancio-al-cioccolato-fondente-70-e-caffe\/#webpage","url":"https:\/\/anticagelateriadelcorso.com\/it\/creazioni\/trancio-al-cioccolato-fondente-70-e-caffe\/","name":"Trancio Cioccolato Fondente 70% e Caff\u00e8 - Antica Gelateria del Corso","isPartOf":{"@id":"https:\/\/anticagelateriadelcorso.com\/it\/#website"},"primaryImageOfPage":{"@id":"https:\/\/anticagelateriadelcorso.com\/it\/creazioni\/trancio-al-cioccolato-fondente-70-e-caffe\/#primaryimage"},"datePublished":"2019-01-24T08:20:33+00:00","dateModified":"2024-07-17T09:45:19+00:00","description":"Trancio Cioccolato Fondente 70% e Caff\u00e8 Antica Gelateria del Corso: Un gustoso strato di Gelato al Cioccolato Fondente 70% avvolge un cuore di Gelato al Caff\u00e8 100% Arabica.","breadcrumb":{"@id":"https:\/\/anticagelateriadelcorso.com\/it\/creazioni\/trancio-al-cioccolato-fondente-70-e-caffe\/#breadcrumb"},"inLanguage":"it-IT","potentialAction":[{"@type":"ReadAction","target":["https:\/\/anticagelateriadelcorso.com\/it\/creazioni\/trancio-al-cioccolato-fondente-70-e-caffe\/"]}]},{"@type":"BreadcrumbList","@id":"https:\/\/anticagelateriadelcorso.com\/it\/creazioni\/trancio-al-cioccolato-fondente-70-e-caffe\/#breadcrumb","itemListElement":[{"@type":"ListItem","position":1,"name":"Home","item":"https:\/\/anticagelateriadelcorso.com\/it\/"},{"@type":"ListItem","position":2,"name":"Le Creazioni","item":"https:\/\/anticagelateriadelcorso.com\/it\/creazioni\/"},{"@type":"ListItem","position":3,"name":"Trancio al Cioccolato Fondente 70% e Caff\u00e8"}]}]}},"_links":{"self":[{"href":"https:\/\/anticagelateriadelcorso.com\/it\/wp-json\/wp\/v2\/pages\/652"}],"collection":[{"href":"https:\/\/anticagelateriadelcorso.com\/it\/wp-json\/wp\/v2\/pages"}],"about":[{"href":"https:\/\/anticagelateriadelcorso.com\/it\/wp-json\/wp\/v2\/types\/page"}],"author":[{"embeddable":true,"href":"https:\/\/anticagelateriadelcorso.com\/it\/wp-json\/wp\/v2\/users\/2"}],"replies":[{"embeddable":true,"href":"https:\/\/anticagelateriadelcorso.com\/it\/wp-json\/wp\/v2\/comments?post=652"}],"version-history":[{"count":10,"href":"https:\/\/anticagelateriadelcorso.com\/it\/wp-json\/wp\/v2\/pages\/652\/revisions"}],"predecessor-version":[{"id":1974,"href":"https:\/\/anticagelateriadelcorso.com\/it\/wp-json\/wp\/v2\/pages\/652\/revisions\/1974"}],"up":[{"embeddable":true,"href":"https:\/\/anticagelateriadelcorso.com\/it\/wp-json\/wp\/v2\/pages\/10"}],"wp:featuredmedia":[{"embeddable":true,"href":"https:\/\/anticagelateriadelcorso.com\/it\/wp-json\/wp\/v2\/media\/654"}],"wp:attachment":[{"href":"https:\/\/anticagelateriadelcorso.com\/it\/wp-json\/wp\/v2\/media?parent=652"}],"curies":[{"name":"wp","href":"https:\/\/api.w.org\/{rel}","templated":true}]}}