{"id":79,"date":"2019-01-22T12:15:35","date_gmt":"2019-01-22T11:15:35","guid":{"rendered":"http:\/\/anticagelateriadelcorso.com\/it\/?page_id=79"},"modified":"2024-07-17T11:31:46","modified_gmt":"2024-07-17T09:31:46","slug":"nocciola","status":"publish","type":"page","link":"https:\/\/anticagelateriadelcorso.com\/it\/gusti\/nocciola\/","title":{"rendered":"Nocciola"},"content":{"rendered":"\r\n<p>Le Langhe, con le loro dolci colline e i borghi di antica fondazione, regalano a chi le visita emozioni uniche e gusti genuini ed inimitabili.<\/p>\r\n\r\n\r\n\r\n<p>Da queste terre nascono alcune tra le nocciole pi\u00f9 pregiate al mondo: le Tonde Gentili Trilobate del Piemonte. Il loro sapore si pu\u00f2 intuire gi\u00e0 dal nome, delicato ed avvolgente come le colline su cui nascono.<\/p>\r\n\r\n\r\n\r\n<p>Un prodotto di questo calibro merita un trattamento speciale, per questo\u00a0<strong>Antica Gelateria del Corso<\/strong>\u00ae seleziona solo i frutti migliori e li lavora con cura fino a trasformarli in un gelato in grado di rendere speciale qualsiasi momento.<\/p>\r\n","protected":false},"excerpt":{"rendered":"<p>Il sapore delle <strong>Nocciole Tonde Gentili Trilobate<\/strong> del Piemonte si pu\u00f2 intuire gi\u00e0 dal nome, delicato ed avvolgente come le colline su cui nascono.<\/p>\n","protected":false},"author":2,"featured_media":80,"parent":8,"menu_order":4,"comment_status":"closed","ping_status":"closed","template":"tpl-product.php","meta":[],"yoast_head":"<!-- This site is optimized with the Yoast SEO plugin v18.5.1 - https:\/\/yoast.com\/wordpress\/plugins\/seo\/ -->\n<title>Gelato Gusto Nocciola Tonda Gentile Trilobata - Antica Gelateria<\/title>\n<meta name=\"description\" content=\"Gelato al gusto di Nocciola Tonda Gentile Trilobata di Antica Gelateria del Corso. Il vero gelato alla nocciola con soli ingredienti certificati.\" \/>\n<meta name=\"robots\" content=\"index, follow, max-snippet:-1, max-image-preview:large, max-video-preview:-1\" \/>\n<link rel=\"canonical\" href=\"https:\/\/anticagelateriadelcorso.com\/it\/gusti\/nocciola\/\" \/>\n<meta property=\"og:locale\" content=\"it_IT\" \/>\n<meta property=\"og:type\" content=\"article\" \/>\n<meta property=\"og:title\" content=\"Gelato Gusto Nocciola Tonda Gentile Trilobata - Antica Gelateria\" \/>\n<meta property=\"og:description\" content=\"Gelato al gusto di Nocciola Tonda Gentile Trilobata di Antica Gelateria del Corso. Il vero gelato alla nocciola con soli ingredienti certificati.\" \/>\n<meta property=\"og:url\" content=\"https:\/\/anticagelateriadelcorso.com\/it\/gusti\/nocciola\/\" \/>\n<meta property=\"og:site_name\" content=\"Italiano\" \/>\n<meta property=\"article:modified_time\" content=\"2024-07-17T09:31:46+00:00\" \/>\n<meta property=\"og:image\" content=\"https:\/\/anticagelateriadelcorso.com\/it\/wp-content\/uploads\/sites\/2\/2019\/01\/img_thumbnail-Nocciola.png\" \/>\n\t<meta property=\"og:image:width\" content=\"600\" \/>\n\t<meta property=\"og:image:height\" content=\"600\" \/>\n\t<meta property=\"og:image:type\" content=\"image\/png\" \/>\n<meta name=\"twitter:card\" content=\"summary_large_image\" \/>\n<meta name=\"twitter:label1\" content=\"Tempo di lettura stimato\" \/>\n\t<meta name=\"twitter:data1\" content=\"1 minuto\" \/>\n<script type=\"application\/ld+json\" class=\"yoast-schema-graph\">{\"@context\":\"https:\/\/schema.org\",\"@graph\":[{\"@type\":\"WebSite\",\"@id\":\"https:\/\/anticagelateriadelcorso.com\/it\/#website\",\"url\":\"https:\/\/anticagelateriadelcorso.com\/it\/\",\"name\":\"Italiano\",\"description\":\"Antica Gelateria del Corso\",\"potentialAction\":[{\"@type\":\"SearchAction\",\"target\":{\"@type\":\"EntryPoint\",\"urlTemplate\":\"https:\/\/anticagelateriadelcorso.com\/it\/?s={search_term_string}\"},\"query-input\":\"required name=search_term_string\"}],\"inLanguage\":\"it-IT\"},{\"@type\":\"ImageObject\",\"@id\":\"https:\/\/anticagelateriadelcorso.com\/it\/gusti\/nocciola\/#primaryimage\",\"inLanguage\":\"it-IT\",\"url\":\"https:\/\/anticagelateriadelcorso.com\/it\/wp-content\/uploads\/sites\/2\/2019\/01\/img_thumbnail-Nocciola.png\",\"contentUrl\":\"https:\/\/anticagelateriadelcorso.com\/it\/wp-content\/uploads\/sites\/2\/2019\/01\/img_thumbnail-Nocciola.png\",\"width\":600,\"height\":600},{\"@type\":\"WebPage\",\"@id\":\"https:\/\/anticagelateriadelcorso.com\/it\/gusti\/nocciola\/#webpage\",\"url\":\"https:\/\/anticagelateriadelcorso.com\/it\/gusti\/nocciola\/\",\"name\":\"Gelato Gusto Nocciola Tonda Gentile Trilobata - Antica Gelateria\",\"isPartOf\":{\"@id\":\"https:\/\/anticagelateriadelcorso.com\/it\/#website\"},\"primaryImageOfPage\":{\"@id\":\"https:\/\/anticagelateriadelcorso.com\/it\/gusti\/nocciola\/#primaryimage\"},\"datePublished\":\"2019-01-22T11:15:35+00:00\",\"dateModified\":\"2024-07-17T09:31:46+00:00\",\"description\":\"Gelato al gusto di Nocciola Tonda Gentile Trilobata di Antica Gelateria del Corso. Il vero gelato alla nocciola con soli ingredienti certificati.\",\"breadcrumb\":{\"@id\":\"https:\/\/anticagelateriadelcorso.com\/it\/gusti\/nocciola\/#breadcrumb\"},\"inLanguage\":\"it-IT\",\"potentialAction\":[{\"@type\":\"ReadAction\",\"target\":[\"https:\/\/anticagelateriadelcorso.com\/it\/gusti\/nocciola\/\"]}]},{\"@type\":\"BreadcrumbList\",\"@id\":\"https:\/\/anticagelateriadelcorso.com\/it\/gusti\/nocciola\/#breadcrumb\",\"itemListElement\":[{\"@type\":\"ListItem\",\"position\":1,\"name\":\"Home\",\"item\":\"https:\/\/anticagelateriadelcorso.com\/it\/\"},{\"@type\":\"ListItem\",\"position\":2,\"name\":\"I gusti\",\"item\":\"https:\/\/anticagelateriadelcorso.com\/it\/gusti\/\"},{\"@type\":\"ListItem\",\"position\":3,\"name\":\"Nocciola\"}]}]}<\/script>\n<!-- \/ Yoast SEO plugin. -->","yoast_head_json":{"title":"Gelato Gusto Nocciola Tonda Gentile Trilobata - Antica Gelateria","description":"Gelato al gusto di Nocciola Tonda Gentile Trilobata di Antica Gelateria del Corso. Il vero gelato alla nocciola con soli ingredienti certificati.","robots":{"index":"index","follow":"follow","max-snippet":"max-snippet:-1","max-image-preview":"max-image-preview:large","max-video-preview":"max-video-preview:-1"},"canonical":"https:\/\/anticagelateriadelcorso.com\/it\/gusti\/nocciola\/","og_locale":"it_IT","og_type":"article","og_title":"Gelato Gusto Nocciola Tonda Gentile Trilobata - Antica Gelateria","og_description":"Gelato al gusto di Nocciola Tonda Gentile Trilobata di Antica Gelateria del Corso. Il vero gelato alla nocciola con soli ingredienti certificati.","og_url":"https:\/\/anticagelateriadelcorso.com\/it\/gusti\/nocciola\/","og_site_name":"Italiano","article_modified_time":"2024-07-17T09:31:46+00:00","og_image":[{"width":600,"height":600,"url":"https:\/\/anticagelateriadelcorso.com\/it\/wp-content\/uploads\/sites\/2\/2019\/01\/img_thumbnail-Nocciola.png","type":"image\/png"}],"twitter_card":"summary_large_image","twitter_misc":{"Tempo di lettura stimato":"1 minuto"},"schema":{"@context":"https:\/\/schema.org","@graph":[{"@type":"WebSite","@id":"https:\/\/anticagelateriadelcorso.com\/it\/#website","url":"https:\/\/anticagelateriadelcorso.com\/it\/","name":"Italiano","description":"Antica Gelateria del Corso","potentialAction":[{"@type":"SearchAction","target":{"@type":"EntryPoint","urlTemplate":"https:\/\/anticagelateriadelcorso.com\/it\/?s={search_term_string}"},"query-input":"required name=search_term_string"}],"inLanguage":"it-IT"},{"@type":"ImageObject","@id":"https:\/\/anticagelateriadelcorso.com\/it\/gusti\/nocciola\/#primaryimage","inLanguage":"it-IT","url":"https:\/\/anticagelateriadelcorso.com\/it\/wp-content\/uploads\/sites\/2\/2019\/01\/img_thumbnail-Nocciola.png","contentUrl":"https:\/\/anticagelateriadelcorso.com\/it\/wp-content\/uploads\/sites\/2\/2019\/01\/img_thumbnail-Nocciola.png","width":600,"height":600},{"@type":"WebPage","@id":"https:\/\/anticagelateriadelcorso.com\/it\/gusti\/nocciola\/#webpage","url":"https:\/\/anticagelateriadelcorso.com\/it\/gusti\/nocciola\/","name":"Gelato Gusto Nocciola Tonda Gentile Trilobata - Antica Gelateria","isPartOf":{"@id":"https:\/\/anticagelateriadelcorso.com\/it\/#website"},"primaryImageOfPage":{"@id":"https:\/\/anticagelateriadelcorso.com\/it\/gusti\/nocciola\/#primaryimage"},"datePublished":"2019-01-22T11:15:35+00:00","dateModified":"2024-07-17T09:31:46+00:00","description":"Gelato al gusto di Nocciola Tonda Gentile Trilobata di Antica Gelateria del Corso. Il vero gelato alla nocciola con soli ingredienti certificati.","breadcrumb":{"@id":"https:\/\/anticagelateriadelcorso.com\/it\/gusti\/nocciola\/#breadcrumb"},"inLanguage":"it-IT","potentialAction":[{"@type":"ReadAction","target":["https:\/\/anticagelateriadelcorso.com\/it\/gusti\/nocciola\/"]}]},{"@type":"BreadcrumbList","@id":"https:\/\/anticagelateriadelcorso.com\/it\/gusti\/nocciola\/#breadcrumb","itemListElement":[{"@type":"ListItem","position":1,"name":"Home","item":"https:\/\/anticagelateriadelcorso.com\/it\/"},{"@type":"ListItem","position":2,"name":"I gusti","item":"https:\/\/anticagelateriadelcorso.com\/it\/gusti\/"},{"@type":"ListItem","position":3,"name":"Nocciola"}]}]}},"_links":{"self":[{"href":"https:\/\/anticagelateriadelcorso.com\/it\/wp-json\/wp\/v2\/pages\/79"}],"collection":[{"href":"https:\/\/anticagelateriadelcorso.com\/it\/wp-json\/wp\/v2\/pages"}],"about":[{"href":"https:\/\/anticagelateriadelcorso.com\/it\/wp-json\/wp\/v2\/types\/page"}],"author":[{"embeddable":true,"href":"https:\/\/anticagelateriadelcorso.com\/it\/wp-json\/wp\/v2\/users\/2"}],"replies":[{"embeddable":true,"href":"https:\/\/anticagelateriadelcorso.com\/it\/wp-json\/wp\/v2\/comments?post=79"}],"version-history":[{"count":14,"href":"https:\/\/anticagelateriadelcorso.com\/it\/wp-json\/wp\/v2\/pages\/79\/revisions"}],"predecessor-version":[{"id":1932,"href":"https:\/\/anticagelateriadelcorso.com\/it\/wp-json\/wp\/v2\/pages\/79\/revisions\/1932"}],"up":[{"embeddable":true,"href":"https:\/\/anticagelateriadelcorso.com\/it\/wp-json\/wp\/v2\/pages\/8"}],"wp:featuredmedia":[{"embeddable":true,"href":"https:\/\/anticagelateriadelcorso.com\/it\/wp-json\/wp\/v2\/media\/80"}],"wp:attachment":[{"href":"https:\/\/anticagelateriadelcorso.com\/it\/wp-json\/wp\/v2\/media?parent=79"}],"curies":[{"name":"wp","href":"https:\/\/api.w.org\/{rel}","templated":true}]}}