{"id":919,"date":"2019-01-28T02:51:35","date_gmt":"2019-01-28T01:51:35","guid":{"rendered":"http:\/\/anticagelateriadelcorso.com\/it\/?page_id=919"},"modified":"2026-01-16T18:45:45","modified_gmt":"2026-01-16T17:45:45","slug":"legal","status":"publish","type":"page","link":"https:\/\/anticagelateriadelcorso.com\/it\/legal\/","title":{"rendered":"Note Legali"},"content":{"rendered":"\r\n<p><strong>Dati Societari<\/strong><\/p>\r\n\r\n\r\n\r\n<p>Froneri Italy S.r.l.<\/p>\r\n\r\n\r\n\r\n<p>Sede Legale: Via Asi Consortile 7, 16 \u2013 03013 Ferentino (FR)<\/p>\r\n\r\n\r\n\r\n<p>R.E.A. FR \u2013 189052 &#8211; Codice Fiscale N. 09636960966<\/p>\r\n\r\n\r\n\r\n<p>Tel.: +39 0775 390800<\/p>\r\n\r\n\r\n\r\n<p>P.E.C. froneriitalysrl@legalmail.it<\/p>\r\n\r\n\r\n\r\n<p><strong>Note legali<\/strong><\/p>\r\n\r\n\r\n\r\n<p>L&#8217;accesso a questo sito web da parte dei visitatori \u00e8 soggetto alle seguenti condizioni.<\/p>\r\n\r\n\r\n\r\n<p>L&#8217;accesso a questo sito web da parte dei visitatori \u00e8 soggetto alle seguenti condizioni. Le informazioni, i loghi, gli elementi grafici, i suoni, le immagini, i marchi e quant&#8217;altro pubblicato e\/o riprodotto in questo sito sono di propriet\u00e0 di (o concesso da terzi in uso a) Froneri Italy S.r.l.<\/p>\r\n\r\n\r\n\r\n<p>La riproduzione del contenuto del sito \u00e8 consentita esclusivamente dietro autorizzazione scritta di Froneri Italy S.r.l. E&#8217; pertanto vietato modificare, copiare, riprodurre, distribuire, trasmettere o diffondere senza autorizzazione il contenuto di questo sito.<\/p>\r\n\r\n\r\n\r\n<p>In particolare, \u00e8 vietato copiare i programmi per elaboratore (software) che determinano il funzionamento di questo sito, creare programmi a questi simili, rintracciare e\/o utilizzare il codice sorgente dei suddetti programmi.<\/p>\r\n\r\n\r\n\r\n<p>Froneri Italy S.r.l. non garantisce il costante aggiornamento delle informazioni contenute in questo sito n\u00e9 potr\u00e0 essere ritenuta responsabile degli eventuali danni, tra i quali le infezioni da virus informatici, che le apparecchiature dei visitatori dovessero patire a causa dell&#8217;accesso e\/o dell&#8217;interconnessione con questo sito o dello scaricamento (download) del suo contenuto.<\/p>\r\n\r\n\r\n\r\n<p>I collegamenti ipertestuali (link) presenti in questo sito possono indirizzare la ricerca dei visitatori verso pagine web presenti su siti diversi dal presente. In tal caso, Froneri Italy S.r.l. non assume alcuna responsabilit\u00e0 in relazione sia al contenuto di quanto pubblicato su tali siti ed all&#8217;uso che terzi ne possano fare, sia per quanto riguarda eventuali danni provocati da o originati in occasione dell&#8217;accesso a tali siti, dell&#8217;interconnessione con gli stessi o dello scaricamento del loro contenuto.<\/p>\r\n\r\n\r\n\r\n<p>Ogni informazione personale inviata al sito di Froneri Italy S.r.l. sar\u00e0 trattata in modo conforme alla legge sulla privacy.<\/p>\r\n\r\n\r\n\r\n<p>Ogni informazione non personale comunicata a Froneri Italy S.r.l. attraverso il presente sito (inclusi suggerimenti, idee, disegni, progetti, etc..) attribuir\u00e0 a quest&#8217;ultima il diritto esclusivo, illimitato e irrevocabile, di usare, riprodurre, mostrare, eseguire, modificare, trasmettere e distribuire dette informazioni non personali. La comunicazione di tali informazioni comporter\u00e0 automaticamente il trasferimento delle stesse, a titolo gratuito, in via esclusiva e con ogni pi\u00f9 ampio diritto e facolt\u00e0, a Froneri Italy S.r.l.<\/p>\r\n\r\n\r\n\r\n<p>Al presente sito si applica la normativa in vigore nel territorio della Repubblica Italiana.<\/p>\r\n\r\n\r\n\r\n<p><strong>Diritti di Propriet\u00e0 Intellettuale<\/strong><\/p>\r\n\r\n\r\n\r\n<p>Used under licence by Froneri International Ltd. Nestl\u00e9 \u00ae Registered Trade Mark of Soci\u00e9t\u00e9 des Produits Nestl\u00e9 S.A., Vevey, Switzerland.<\/p>\r\n\r\n\r\n\r\n<p>Tutti i diritti d&#8217;autore, marchi commerciali e altri diritti di propriet\u00e0 intellettuale in tutti i testi, immagini e altri materiali presenti in questo sito sono di propriet\u00e0 del gruppo Froneri o sono inclusi con l&#8217;autorizzazione del rispettivo proprietario.<\/p>\r\n\r\n\r\n\r\n<p>\u00c8 consentito esplorare questo sito web, riprodurre gli estratti mediante la stampa, il download su un disco rigido o per scopi di distribuzione ad altri individui. Ci\u00f2 \u00e8 da fare solo a condizione che manteniate intatti tutti i copyright e altri avvisi di propriet\u00e0 e che il marchio di fabbrica \u00a9 Froneri Italy S.r.l., appaia su tali riproduzioni. Nessuna riproduzione di alcuna parte di questo sito web pu\u00f2 essere venduta o distribuita per guadagno commerciale n\u00e9 essere modificata o incorporata in nessun altro lavoro, pubblicazione o sito web.<\/p>\r\n\r\n\r\n\r\n<p>I marchi, i loghi, i caratteri e i marchi di servizio(collettivamente &#8220;Marchi&#8221;) presenti su questo sito appartengono a Soci\u00e9t\u00e9 des Produits Nestl\u00e9 S.A. del Gruppo Nestl\u00e9 che ha concesso a Froneri una licenza per il loro utilizzo. La riproduzione di tutti i marchi deve essere seguita dalla seguente menzione: \u00ae Reg. Trademark of Soci\u00e9t\u00e9 des Produits Nestl\u00e9 S.A., Vevey. Nulla contenuto in questo sito web dovrebbe essere interpretato come una concessione di qualsiasi licenza o diritto ad utilizzare qualsiasi marchio di fabbrica visualizzato su questo sito web. L&#8217;uso \/ abuso dei marchi presenti su questo sito web o su qualsiasi altro contenuto presente sul sito web, tranne che previsto dai presenti Termini e Condizioni, \u00e8 severamente vietato. Si informa inoltre che il Gruppo Froneri e il Gruppo Nestl\u00e9 imporranno in modo vigoroso i propri diritti di propriet\u00e0 intellettuale al massimo della legge.<\/p>\r\n\r\n\r\n\r\n<p>Si prega di notare che qualsiasi invio volontario di idee e\/o concetti su prodotti e\/o gusti e qualsiasi comunicazione annessa non saranno trattati come informazioni riservate e potranno essere utilizzati liberamente da Froneri senza restrizioni. Si prega di non inviare a Froneri, tramite questo sito web e\/o e-mail, informazioni che si ritengono riservate o esclusive.<\/p>\r\n","protected":false},"excerpt":{"rendered":"<p>Dati Societari Froneri Italy S.r.l. Sede Legale: Via Asi Consortile 7, 16 \u2013 03013 Ferentino (FR) R.E.A. FR \u2013 189052 &#8211; Codice Fiscale N. 09636960966 Tel.: +39 0775 390800 P.E.C. froneriitalysrl@legalmail.it Note legali L&#8217;accesso a questo sito web da parte dei visitatori \u00e8 soggetto alle seguenti condizioni. L&#8217;accesso a questo sito web da parte dei [&hellip;]<\/p>\n","protected":false},"author":1,"featured_media":0,"parent":0,"menu_order":0,"comment_status":"closed","ping_status":"closed","template":"","meta":[],"yoast_head":"<!-- This site is optimized with the Yoast SEO plugin v18.5.1 - https:\/\/yoast.com\/wordpress\/plugins\/seo\/ -->\n<title>Note Legali - Antica Gelateria del Corso<\/title>\n<meta name=\"robots\" content=\"index, follow, max-snippet:-1, max-image-preview:large, max-video-preview:-1\" \/>\n<link rel=\"canonical\" href=\"https:\/\/anticagelateriadelcorso.com\/it\/legal\/\" \/>\n<meta property=\"og:locale\" content=\"it_IT\" \/>\n<meta property=\"og:type\" content=\"article\" \/>\n<meta property=\"og:title\" content=\"Note Legali - Antica Gelateria del Corso\" \/>\n<meta property=\"og:description\" content=\"Dati Societari Froneri Italy S.r.l. Sede Legale: Via Asi Consortile 7, 16 \u2013 03013 Ferentino (FR) R.E.A. FR \u2013 189052 &#8211; Codice Fiscale N. 09636960966 Tel.: +39 0775 390800 P.E.C. froneriitalysrl@legalmail.it Note legali L&#8217;accesso a questo sito web da parte dei visitatori \u00e8 soggetto alle seguenti condizioni. L&#8217;accesso a questo sito web da parte dei [&hellip;]\" \/>\n<meta property=\"og:url\" content=\"https:\/\/anticagelateriadelcorso.com\/it\/legal\/\" \/>\n<meta property=\"og:site_name\" content=\"Italiano\" \/>\n<meta property=\"article:modified_time\" content=\"2026-01-16T17:45:45+00:00\" \/>\n<meta name=\"twitter:card\" content=\"summary_large_image\" \/>\n<meta name=\"twitter:label1\" content=\"Tempo di lettura stimato\" \/>\n\t<meta name=\"twitter:data1\" content=\"4 minuti\" \/>\n<script type=\"application\/ld+json\" class=\"yoast-schema-graph\">{\"@context\":\"https:\/\/schema.org\",\"@graph\":[{\"@type\":\"WebSite\",\"@id\":\"https:\/\/anticagelateriadelcorso.com\/it\/#website\",\"url\":\"https:\/\/anticagelateriadelcorso.com\/it\/\",\"name\":\"Italiano\",\"description\":\"Antica Gelateria del Corso\",\"potentialAction\":[{\"@type\":\"SearchAction\",\"target\":{\"@type\":\"EntryPoint\",\"urlTemplate\":\"https:\/\/anticagelateriadelcorso.com\/it\/?s={search_term_string}\"},\"query-input\":\"required name=search_term_string\"}],\"inLanguage\":\"it-IT\"},{\"@type\":\"WebPage\",\"@id\":\"https:\/\/anticagelateriadelcorso.com\/it\/legal\/#webpage\",\"url\":\"https:\/\/anticagelateriadelcorso.com\/it\/legal\/\",\"name\":\"Note Legali - Antica Gelateria del Corso\",\"isPartOf\":{\"@id\":\"https:\/\/anticagelateriadelcorso.com\/it\/#website\"},\"datePublished\":\"2019-01-28T01:51:35+00:00\",\"dateModified\":\"2026-01-16T17:45:45+00:00\",\"breadcrumb\":{\"@id\":\"https:\/\/anticagelateriadelcorso.com\/it\/legal\/#breadcrumb\"},\"inLanguage\":\"it-IT\",\"potentialAction\":[{\"@type\":\"ReadAction\",\"target\":[\"https:\/\/anticagelateriadelcorso.com\/it\/legal\/\"]}]},{\"@type\":\"BreadcrumbList\",\"@id\":\"https:\/\/anticagelateriadelcorso.com\/it\/legal\/#breadcrumb\",\"itemListElement\":[{\"@type\":\"ListItem\",\"position\":1,\"name\":\"Home\",\"item\":\"https:\/\/anticagelateriadelcorso.com\/it\/\"},{\"@type\":\"ListItem\",\"position\":2,\"name\":\"Note Legali\"}]}]}<\/script>\n<!-- \/ Yoast SEO plugin. -->","yoast_head_json":{"title":"Note Legali - Antica Gelateria del Corso","robots":{"index":"index","follow":"follow","max-snippet":"max-snippet:-1","max-image-preview":"max-image-preview:large","max-video-preview":"max-video-preview:-1"},"canonical":"https:\/\/anticagelateriadelcorso.com\/it\/legal\/","og_locale":"it_IT","og_type":"article","og_title":"Note Legali - Antica Gelateria del Corso","og_description":"Dati Societari Froneri Italy S.r.l. Sede Legale: Via Asi Consortile 7, 16 \u2013 03013 Ferentino (FR) R.E.A. FR \u2013 189052 &#8211; Codice Fiscale N. 09636960966 Tel.: +39 0775 390800 P.E.C. froneriitalysrl@legalmail.it Note legali L&#8217;accesso a questo sito web da parte dei visitatori \u00e8 soggetto alle seguenti condizioni. L&#8217;accesso a questo sito web da parte dei [&hellip;]","og_url":"https:\/\/anticagelateriadelcorso.com\/it\/legal\/","og_site_name":"Italiano","article_modified_time":"2026-01-16T17:45:45+00:00","twitter_card":"summary_large_image","twitter_misc":{"Tempo di lettura stimato":"4 minuti"},"schema":{"@context":"https:\/\/schema.org","@graph":[{"@type":"WebSite","@id":"https:\/\/anticagelateriadelcorso.com\/it\/#website","url":"https:\/\/anticagelateriadelcorso.com\/it\/","name":"Italiano","description":"Antica Gelateria del Corso","potentialAction":[{"@type":"SearchAction","target":{"@type":"EntryPoint","urlTemplate":"https:\/\/anticagelateriadelcorso.com\/it\/?s={search_term_string}"},"query-input":"required name=search_term_string"}],"inLanguage":"it-IT"},{"@type":"WebPage","@id":"https:\/\/anticagelateriadelcorso.com\/it\/legal\/#webpage","url":"https:\/\/anticagelateriadelcorso.com\/it\/legal\/","name":"Note Legali - Antica Gelateria del Corso","isPartOf":{"@id":"https:\/\/anticagelateriadelcorso.com\/it\/#website"},"datePublished":"2019-01-28T01:51:35+00:00","dateModified":"2026-01-16T17:45:45+00:00","breadcrumb":{"@id":"https:\/\/anticagelateriadelcorso.com\/it\/legal\/#breadcrumb"},"inLanguage":"it-IT","potentialAction":[{"@type":"ReadAction","target":["https:\/\/anticagelateriadelcorso.com\/it\/legal\/"]}]},{"@type":"BreadcrumbList","@id":"https:\/\/anticagelateriadelcorso.com\/it\/legal\/#breadcrumb","itemListElement":[{"@type":"ListItem","position":1,"name":"Home","item":"https:\/\/anticagelateriadelcorso.com\/it\/"},{"@type":"ListItem","position":2,"name":"Note Legali"}]}]}},"_links":{"self":[{"href":"https:\/\/anticagelateriadelcorso.com\/it\/wp-json\/wp\/v2\/pages\/919"}],"collection":[{"href":"https:\/\/anticagelateriadelcorso.com\/it\/wp-json\/wp\/v2\/pages"}],"about":[{"href":"https:\/\/anticagelateriadelcorso.com\/it\/wp-json\/wp\/v2\/types\/page"}],"author":[{"embeddable":true,"href":"https:\/\/anticagelateriadelcorso.com\/it\/wp-json\/wp\/v2\/users\/1"}],"replies":[{"embeddable":true,"href":"https:\/\/anticagelateriadelcorso.com\/it\/wp-json\/wp\/v2\/comments?post=919"}],"version-history":[{"count":6,"href":"https:\/\/anticagelateriadelcorso.com\/it\/wp-json\/wp\/v2\/pages\/919\/revisions"}],"predecessor-version":[{"id":2011,"href":"https:\/\/anticagelateriadelcorso.com\/it\/wp-json\/wp\/v2\/pages\/919\/revisions\/2011"}],"wp:attachment":[{"href":"https:\/\/anticagelateriadelcorso.com\/it\/wp-json\/wp\/v2\/media?parent=919"}],"curies":[{"name":"wp","href":"https:\/\/api.w.org\/{rel}","templated":true}]}}