{"id":929,"date":"2019-01-28T09:19:28","date_gmt":"2019-01-28T08:19:28","guid":{"rendered":"http:\/\/anticagelateriadelcorso.com\/it\/?page_id=929"},"modified":"2026-01-16T18:45:50","modified_gmt":"2026-01-16T17:45:50","slug":"privacy","status":"publish","type":"page","link":"https:\/\/anticagelateriadelcorso.com\/it\/privacy\/","title":{"rendered":"Privacy policy"},"content":{"rendered":"\r\n<p>Ai sensi dell\u2019art. 13 Reg. UE 16\/679 (General Data Protection Regulation \u2010 GDPR) questa pagina descrive le modalit\u00e0 di trattamento dei dati personali degli utenti che consultano il sito web https:\/\/anticagelateriadelcorso.com\/<\/p>\r\n\r\n\r\n\r\n<p><strong>Titolare del trattamento<\/strong><\/p>\r\n\r\n\r\n\r\n<p>Il Titolare del trattamento dei dati personali \u00e8 Froneri Italy S.r.l. (P.Iva: 09636960966), societ\u00e0 di diritto italiano, facente parte del gruppo societario Froneri International PLC, con sede in Ferentino (FR), Via Asi Consortile 16, 7 e iscritta al Registro delle imprese di Frosinone, in persona del legale rappresentante p.t., pec:\u00a0<a href=\"mailto:froneriitalysrl@legalmail.it\">froneriitalysrl@legalmail.it<\/a>. (di seguito \u201cFroneri\u201d).<\/p>\r\n\r\n\r\n\r\n<p><strong>Definizione di trattamento<\/strong><\/p>\r\n\r\n\r\n\r\n<p>Per \u201ctrattamento\u201d di dati personali, si intende qualsiasi operazione o insieme di operazioni compiute sui dati personali (raccolta, registrazione, organizzazione, strutturazione, conservazione, adattamento, modifica, estrazione, consultazione, uso, comunicazione mediante trasmissione, diffusione, raffronto, interconnessione, limitazione, cancellazione e distruzione).<\/p>\r\n\r\n\r\n\r\n<p><strong>Categorie dei dati trattati<\/strong><\/p>\r\n\r\n\r\n\r\n<p>A seguito della consultazione quale utente dei contenuti del presente sito web, possono essere trattati alcuni tuoi dati personali, ovvero informazioni a te relative comunicate nell\u2019ambito dei servizi interattivi del sito stesso e quelle relativi ai profili Social network a te riferiti.<br \/>Le categorie di dati che trattiamo includono dati di identit\u00e0, dati di contatto, dati del profilo, dati finanziari e di transazione.<\/p>\r\n\r\n\r\n\r\n<p>Inoltre, i sistemi informatici e le procedure software di funzionamento del sito acquisiscono, nel corso del loro esercizio, alcuni dati tecnici di navigazione, la cui trasmissione \u00e8 implicita nell\u2019uso dei protocolli di comunicazione di internet, tra i quali sono compresi gli indirizzi IP, il nome di dominio del computer utilizzato dall\u2019utente per connettersi al sito, gli indirizzi in notazione URI\/URL (Uniform Resource Identifier\/locator) delle risorse richieste, l\u2019orario della richiesta, il metodo utilizzato nel sottoporre la richiesta al server, la dimensione del file ottenuto in risposta, il codice numerico indicante lo stato della risposta data dal server (buon fine, errore, ecc.) ed altri parametri relativi al sistema operativo e all\u2019ambiente informatico utilizzato dall\u2019utente. Tali dati non vengono raccolti allo scopo di associarli a soggetti identificati, tuttavia per la loro natura potrebbero consentire di identificare gli utenti attraverso elaborazioni ed associazioni con dati detenuti da terzi soprattutto quando sia necessario accertare responsabilit\u00e0 in caso di ipotetici reati informatici ai danni del sito.<\/p>\r\n\r\n\r\n\r\n<p>Froneri non tratta alcuna categoria di dati particolati (razza o etnia, convinzioni religiose o filosofiche, vita sessuale, orientamento sessuale, opinioni politiche, appartenenza sindacale, informazioni sulla tua salute e dati genetici e biometrici), n\u00e9 informazioni relative a condanne penali e reati.<br \/>Non sono inclusi i dati non riconducibili all\u2019identit\u00e0 del soggetto (dati anonimi) quali dati aggregati (come informazioni statistiche o demografiche) o relativi, ad esempio, alla tipologia di browser utilizzato, alla collocazione geografica, alla data e all\u2019orario di accesso al sito web, alle abitudini di consumo e alle preferenze su prodotti e servizi.<\/p>\r\n\r\n\r\n\r\n<p><strong>Dati forniti volontariamente dall\u2019utente.<\/strong><\/p>\r\n\r\n\r\n\r\n<p>L\u2019invio facoltativo, esplicito e volontario di posta elettronica agli indirizzi indicati nei differenti canali di accesso al sito e la compilazione dei format (maschere) comportano la successiva acquisizione dell\u2019indirizzo del mittente, necessario per rispondere alle richieste, nonch\u00e9 degli eventuali altri dati personali inseriti nella missiva.<\/p>\r\n\r\n\r\n\r\n<p>In tal caso i dati acquisiti saranno trattati esclusivamente per rispondere alle richieste degli utenti o per valutare le candidature spontanee.<\/p>\r\n\r\n\r\n\r\n<p><strong>Modalit\u00e0 del trattamento<\/strong><\/p>\r\n\r\n\r\n\r\n<p>Il trattamento dei dati da te forniti avverr\u00e0 secondo i principi di liceit\u00e0 e correttezza mediante l\u2019utilizzo di strumenti e procedure idonei a garantirne la sicurezza e la riservatezza, potr\u00e0 essere effettuato sia tramite il nostro sito web che attraverso strumenti elettronici e anche con l\u2019ausilio di supporti cartacei.<br \/>Froneri potrebbe raccogliere e utilizzare le informazioni recepite dal presente sito web e dai tuoi profili Social Network raggiungibili cliccando le relative icone presenti sul sito, per scopi pubblicitari, per l\u2019invio di comunicazioni di marketing come e\u2010mail, messaggi di testo SMS e posta tradizionale. Potranno anche essere mostrate comunicazioni di marketing su altri siti web, inclusi siti di Social Media ai quali si \u00e8 iscritti, in seguito all\u2019abbinamento di attivit\u00e0 o informazioni raccolte sui siti web di propriet\u00e0 di Froneri con quelle raccolte su siti di terze parti (\u201cTargeted Advertising\u201d). Tali comunicazioni di marketing permetteranno di rimanere aggiornati sulle ultime notizie, eventi, offerte speciali e promozioni relative ai marchi Froneri di interesse.<\/p>\r\n\r\n\r\n\r\n<p><strong>Finalit\u00e0 del trattamento<\/strong><\/p>\r\n\r\n\r\n\r\n<p>Il trattamento dei dati personali da te forniti sar\u00e0 finalizzato all\u2019attivit\u00e0 di espletamento dei servizi richiesti, per gestire reclami e per contattarti.<br \/>I dati di navigazione vengono trattati anche allo scopo di conseguire la migliore gestione ed ottimizzazione del sito, nonch\u00e9 ottenere informazioni statistiche sui prodotti, sul loro consumo e sull\u2019uso dei servizi offerti, controllando, al contempo, il corretto funzionamento dei servizi stessi.<\/p>\r\n\r\n\r\n\r\n<p><strong>Base giuridica del trattamento<\/strong><\/p>\r\n\r\n\r\n\r\n<p>La raccolta e il trattamento dei dati personali \u00e8 basato sul consenso dell\u2019interessato o per soddisfare interessi legittimi di Froneri quali, ad esempio, motivi di sicurezza, ovvero disporre della rintracciabilit\u00e0 della navigazione internet in un determinato momento.<\/p>\r\n\r\n\r\n\r\n<p><strong>Obbligo o facolt\u00e0 di conferire i dati.<\/strong><\/p>\r\n\r\n\r\n\r\n<p>A parte quanto specificato per i dati di navigazione, l\u2019utente \u00e8 libero di fornire i dati personali riportati nei moduli di richiesta o comunque indicati in contatti per l\u2019invio di comunicazioni o di eventuale documentazione, fornendo al contempo il relativo consenso al loro trattamento.<br \/>Il mancato conferimento dei dati (es. dati anagrafici, indirizzo e\u2010mail, numero telefonico) , in tali casi, comporta l\u2019impossibilit\u00e0 di ottenere quanto richiesto.<\/p>\r\n\r\n\r\n\r\n<p><strong>Modalit\u00e0 di comunicazione e revoca del consenso<\/strong><\/p>\r\n\r\n\r\n\r\n<p>Qualora si sia gi\u00e0 in possesso di un account sul presente sito web, \u00e8 possibile modificare le preferenze di comunicazione nella sezione dedicata del sito o contattandoci presso l\u2019apposita area. La modifica di queste opzioni potrebbe comportare la rimozione dalle liste per l\u2019invio di future pubblicit\u00e0, anche relativamente alle comunicazioni targettizzate eventualmente disponibili presso i social media di cui si \u00e8 parte. Anche se si decider\u00e0 di non ricevere pi\u00f9 comunicazioni di marketing da Froneri, sar\u00e0 comunque possibile ricevere comunicazioni amministrative come conferma di ordini, notifiche su attivit\u00e0 relative al proprio account (ad esempio, conferme relative all\u2019account, cambiamenti di password, ecc.).<\/p>\r\n\r\n\r\n\r\n<p>In ogni momento il consenso prestato pu\u00f2 essere revocato attraverso la cancellazione dell\u2019iscrizione a comunicazioni di e\u2010mail marketing o di messaggi di testo seguendo le istruzioni fornite in ogni comunicazione ricevuta.<\/p>\r\n\r\n\r\n\r\n<p><strong>Dati personali relativi a un minore<\/strong><\/p>\r\n\r\n\r\n\r\n<p>La comunicazione di dati personali relativi a un soggetto minore di anni sedici e la manifestazione del consenso al loro utilizzo, devono essere effettuate o autorizzate da parte di chi eserciti la responsabilit\u00e0 genitoriale sul minore stesso.<\/p>\r\n\r\n\r\n\r\n<p><strong>Social Network, ottimizzazione delle conversioni e profilazione<\/strong><\/p>\r\n\r\n\r\n\r\n<p>Il trattamento dei tuoi dati si riferisce altres\u00ec a qualsiasi informazione personale che fa parte del tuo profilo quale utente di un social network (ad es. Facebook, Instagram, Twitter, Linkedin e similari) il quale dietro espressa autorizzazione potr\u00e0 condividere con Froneri queste informazioni. La condivisione di tali dati avviene solo ed esclusivamente mediante interazione con un\u2019applicazione web di Froneri residente in un Social Network oppure mediante un click effettuato all\u2019interno del presente sito web ad icone di connessione con tali Social Network (Facebook Connect, Twitter Connect ecc.). Le informazioni che potranno essere condivise con Froneri da parte del Social Network includono ad esempio nome, indirizzo e\u2010mail, sesso, data di nascita, citt\u00e0 attuale, immagine del profilo, ID utente, lista degli amici, ecc. e qualsiasi altra informazione o attivit\u00e0 per il cui trattamento avrete espressamente autorizzato il social network di terze parti a poter condividere con gli sviluppatori di applicazioni.<\/p>\r\n\r\n\r\n\r\n<p>Verranno inoltre utilizzate funzioni aggiuntive quali pixel di Facebook e floodlight utilizzati dall\u2019Ad Server, che si attivano al momento di esecuzione di un\u2019azione sul sito per registrarla ed inserire i tuoi dati in un elenco di clienti, in modo da impostare un pubblico personalizzato per il targeting in campagne successive (a cui mostrare in futuro inserzioni e annunci dei nostri prodotti).<\/p>\r\n\r\n\r\n\r\n<p>Attraverso tali funzioni verr\u00e0 pertanto svolta attivit\u00e0 di profilazione, consistente nel trattamento automatizzato dei dati personali per la valutazione di aspetti concernenti, in particolare, le abitudini di consumo e le preferenze su prodotti e servizi di una determinata persona fisica.<\/p>\r\n\r\n\r\n\r\n<p><strong>Utilizzo dei Cookies<\/strong><\/p>\r\n\r\n\r\n\r\n<p>Froneri utilizza cookie, anche di terze parti, oltre che per la migliore fruizione del sito, analisi statistiche e pubblicit\u00e0, anche per la profilazione degli utenti del presente sito web.<br \/>Tali piccoli file di testo, per la cui specifica disciplina si rinvia alla relativa cookie policy, sono infatti in grado di ricordare le scelte compiute dall\u2019utente e riconoscere, nel tempo, le tue preferenze.<\/p>\r\n\r\n\r\n\r\n<p>In particolare, Froneri si avvale della piattaforma di Google per monitorare i propri siti e, nello specifico, le funzioni pubblicitarie di Google Analytics, in grado di rivelare l\u2019utilizzo di cookies originali (ad esempio il cookie di Google Analytics) o altri identificatori proprietari e cookie di terze parti (ad esempio il cookie di DoubleClick).<\/p>\r\n\r\n\r\n\r\n<p>Nel caso volessi disattivare le funzioni di Google Analytics dal proprio browser dovr\u00e0 visitare la pagina di Google dalla quale scaricare e installare sul tuo browser il plug\u2010in per disattivare le funzioni attualmente disponibili per il Web di Google Analytics.<br \/>Se disabiliti o rifiuti i cookie, tieni presente che alcune parti di questo sito Web potrebbero diventare inaccessibili o non funzionare correttamente.<\/p>\r\n\r\n\r\n\r\n<p>Per saperne di pi\u00f9 sui cookie, incluso come vedere quali cookie sono stati impostati e come gestirli o cancellarli dal tuo computer, visita www.allaboutcookies.org.<\/p>\r\n\r\n\r\n\r\n<p><strong>Luogo del trattamento e Trasferimento Extra\u2010UE<\/strong><\/p>\r\n\r\n\r\n\r\n<p>I dati acquisiti risiedono su server situati in Italia o su server centrali situati all\u2019estero (UE o USA) in quanto possono essere condivisi all\u2019interno del Gruppo Froneri e con terze parti esterne situate al di fuori dello Spazio economico europeo (SEE): pertanto il loro trattamento dei dati personali comporter\u00e0 il trasferimento di dati aldi fuori del SEE.<\/p>\r\n\r\n\r\n\r\n<p>Ogni volta che i dati personali vengono trasferiti fuori dal SEE, Froneri garantisce un livello di protezione assimilabile a quello richiesto al suo interno assicurando che almeno una delle seguenti misure di sicurezza sia implementata: che il trasferimento avvenga solo verso Paesi che la Commissione europea ritenga forniscano un livello \u201cadeguato\u201d di protezione dei dati personali; utilizzando contratti specifici approvati dalla<\/p>\r\n\r\n\r\n\r\n<p>Commissione europea; per i fornitori con sede negli Stati Uniti solo in presenza dello scudo per la privacy UE\u2010 USA (cd. Privacy Shield\u201d).<\/p>\r\n\r\n\r\n\r\n<p><strong>Categorie di soggetti destinatari dei dati o che possono venire a conoscenza degli stessi in qualit\u00e0 di Contitolari, Responsabili o Autorizzati al trattamento.<\/strong><\/p>\r\n\r\n\r\n\r\n<p>Per il perseguimento delle finalit\u00e0 descritte e nei limiti strettamente necessari per lo svolgimento degli incarichi loro affidati, Froneri trasferisce i dati personali raccolti tramite il presente sito web ed i profili social media a soggetti con sede in Italia e all\u2019estero, appartenenti alle seguenti categorie:<\/p>\r\n\r\n\r\n\r\n<ul>\r\n<li>Soggetti autorizzati al trattamento dei dati da parte del Titolare del trattamento, tra cui amministratori di sistema per la gestione di eventi di sicurezza correlati alla navigazione;<\/li>\r\n<li>Soggetti che possono accedere ai dati in forza di normativa nazionale o europea;<\/li>\r\n<li>Soggetti che hanno necessit\u00e0 di accedere ai dati per finalit\u00e0 ausiliaria al rapporto intercorrente con ilTitolare del trattamento;<\/li>\r\n<li>Consulenti e fornitori del Titolare del trattamento;<\/li>\r\n<li>Soggetti esterni organizzatori di eventi.Inoltre, i dati di navigazione associati alla tua utenza possono essere forniti ad autorit\u00e0 giudiziarie in caso di loro espressa richiesta per indagini.<br \/>In ogni caso i dati personali raccolti non saranno oggetto di diffusione.<\/li>\r\n<\/ul>\r\n\r\n\r\n\r\n<p><strong>Tempi di conservazione<\/strong><\/p>\r\n\r\n\r\n\r\n<p>Per determinare il periodo di conservazione appropriato dei dati personali viene presa in considerazione la quantit\u00e0 e la natura degli stessi, il potenziale rischio di danni derivanti dal loro trattamento e le finalit\u00e0 per le quali vengono conservati.<br \/>Froneri conserver\u00e0 i tuoi dati personali solo per il tempo necessario a soddisfare gli scopi per cui sono stati raccolti, anche al fine di soddisfare eventuali esigenze di eventuale tutela legale. generalmente Froneri conserva le informazioni di base sui rapporti commerciali, inclusi i dati di contatto, identit\u00e0, finanziari e di transazione per dieci anni dal loro termine.<\/p>\r\n\r\n\r\n\r\n<p>In ogni caso le credenziali con le quali l\u2019utenza \u00e8 stata creata, cos\u00ec come i file di log contenenti il traffico registrato secondo le modalit\u00e0 citate, verranno cancellati dopo il 72\u00b0 mese dall\u2019ultimo accesso effettuato (Art. 24 Legge L 20 novembre 2017, n. 167).<br \/>In caso di anonimizzazione dei dati personali a fini di ricerca o statistica, Froneri potr\u00e0 utilizzare queste informazioni a tempo indeterminato senza ulteriore avviso.<\/p>\r\n\r\n\r\n\r\n<p><strong>Sicurezza dei dati<\/strong><\/p>\r\n\r\n\r\n\r\n<p>Froneri ha predisposto adeguate misure di sicurezza per impedire che i dati personali vengano persi accidentalmente, utilizzati o consultati in modo non autorizzato, alterati o divulgati. Inoltre, limita l\u2019accesso ai dati personali a quei dipendenti, agenti, appaltatori e altre terze parti che ne hanno necessit\u00e0 per ragioni di business, i quali tratteranno i tuoi dati personali solo su nostra istruzione e con obbligo di riservatezza.<\/p>\r\n\r\n\r\n\r\n<p><strong>Diritti dell\u2019interessato<\/strong><\/p>\r\n\r\n\r\n\r\n<p>Ai sensi degli artt. 15 e ss. del Reg. UE 16\/679 ti viene data la possibilit\u00e0 di esercitare specifici diritti, in particolare: diritto di informazione e accesso ai dati personali (art. 15), diritto di rettifica e aggiornamento dei dati personali (art. 16), diritto alla cancellazione dei dati personali (art. 17), diritto alla limitazione del trattamento (art. 18), diritto alla portabilit\u00e0 dei dati personali (art. 20), diritto di opposizione al trattamento (art. 21) anche ai fini di marketing.<br \/>L\u2019esercizio dei suddetti diritti \u00e8 gratuito e potr\u00e0 essere effettuato attraverso la relativa modulistica ottenibile su richiesta presso l\u2019indirizzo e\u2010mail\u00a0<a href=\"https:\/\/gelatimotta.it\/privacy-policy\/_wp_link_placeholder\">consumatori@it.froneri.com<\/a>.<\/p>\r\n\r\n\r\n\r\n<p><strong>Diritto di proporre reclamo all\u2019Autorit\u00e0 di controllo<\/strong><\/p>\r\n\r\n\r\n\r\n<p>Ti \u00e8 riconosciuto il diritto di proporre reclamo all\u2019Autorit\u00e0 garante per la Privacy per lamentare una violazione della disciplina in materia di protezione dei dati personali e richiedere una verifica dell\u2019Autorit\u00e0 stessa attraverso la modulistica presente sul sito www.garanteprivacy.it.<\/p>\r\n","protected":false},"excerpt":{"rendered":"<p>Ai sensi dell\u2019art. 13 Reg. UE 16\/679 (General Data Protection Regulation \u2010 GDPR) questa pagina descrive le modalit\u00e0 di trattamento dei dati personali degli utenti che consultano il sito web https:\/\/anticagelateriadelcorso.com\/ Titolare del trattamento Il Titolare del trattamento dei dati personali \u00e8 Froneri Italy S.r.l. (P.Iva: 09636960966), societ\u00e0 di diritto italiano, facente parte del gruppo [&hellip;]<\/p>\n","protected":false},"author":2,"featured_media":0,"parent":0,"menu_order":0,"comment_status":"closed","ping_status":"closed","template":"","meta":[],"yoast_head":"<!-- This site is optimized with the Yoast SEO plugin v18.5.1 - https:\/\/yoast.com\/wordpress\/plugins\/seo\/ -->\n<title>Privacy - Antica Gelateria del Corso<\/title>\n<meta name=\"description\" content=\"Privacy - Antica Gelateria del Corso\" \/>\n<meta name=\"robots\" content=\"index, follow, max-snippet:-1, max-image-preview:large, max-video-preview:-1\" \/>\n<link rel=\"canonical\" href=\"https:\/\/anticagelateriadelcorso.com\/it\/privacy\/\" \/>\n<meta property=\"og:locale\" content=\"it_IT\" \/>\n<meta property=\"og:type\" content=\"article\" \/>\n<meta property=\"og:title\" content=\"Privacy - Antica Gelateria del Corso\" \/>\n<meta property=\"og:description\" content=\"Privacy - Antica Gelateria del Corso\" \/>\n<meta property=\"og:url\" content=\"https:\/\/anticagelateriadelcorso.com\/it\/privacy\/\" \/>\n<meta property=\"og:site_name\" content=\"Italiano\" \/>\n<meta property=\"article:modified_time\" content=\"2026-01-16T17:45:50+00:00\" \/>\n<meta name=\"twitter:card\" content=\"summary_large_image\" \/>\n<meta name=\"twitter:label1\" content=\"Tempo di lettura stimato\" \/>\n\t<meta name=\"twitter:data1\" content=\"11 minuti\" \/>\n<script type=\"application\/ld+json\" class=\"yoast-schema-graph\">{\"@context\":\"https:\/\/schema.org\",\"@graph\":[{\"@type\":\"WebSite\",\"@id\":\"https:\/\/anticagelateriadelcorso.com\/it\/#website\",\"url\":\"https:\/\/anticagelateriadelcorso.com\/it\/\",\"name\":\"Italiano\",\"description\":\"Antica Gelateria del Corso\",\"potentialAction\":[{\"@type\":\"SearchAction\",\"target\":{\"@type\":\"EntryPoint\",\"urlTemplate\":\"https:\/\/anticagelateriadelcorso.com\/it\/?s={search_term_string}\"},\"query-input\":\"required name=search_term_string\"}],\"inLanguage\":\"it-IT\"},{\"@type\":\"WebPage\",\"@id\":\"https:\/\/anticagelateriadelcorso.com\/it\/privacy\/#webpage\",\"url\":\"https:\/\/anticagelateriadelcorso.com\/it\/privacy\/\",\"name\":\"Privacy - Antica Gelateria del Corso\",\"isPartOf\":{\"@id\":\"https:\/\/anticagelateriadelcorso.com\/it\/#website\"},\"datePublished\":\"2019-01-28T08:19:28+00:00\",\"dateModified\":\"2026-01-16T17:45:50+00:00\",\"description\":\"Privacy - Antica Gelateria del Corso\",\"breadcrumb\":{\"@id\":\"https:\/\/anticagelateriadelcorso.com\/it\/privacy\/#breadcrumb\"},\"inLanguage\":\"it-IT\",\"potentialAction\":[{\"@type\":\"ReadAction\",\"target\":[\"https:\/\/anticagelateriadelcorso.com\/it\/privacy\/\"]}]},{\"@type\":\"BreadcrumbList\",\"@id\":\"https:\/\/anticagelateriadelcorso.com\/it\/privacy\/#breadcrumb\",\"itemListElement\":[{\"@type\":\"ListItem\",\"position\":1,\"name\":\"Home\",\"item\":\"https:\/\/anticagelateriadelcorso.com\/it\/\"},{\"@type\":\"ListItem\",\"position\":2,\"name\":\"Privacy policy\"}]}]}<\/script>\n<!-- \/ Yoast SEO plugin. -->","yoast_head_json":{"title":"Privacy - Antica Gelateria del Corso","description":"Privacy - Antica Gelateria del Corso","robots":{"index":"index","follow":"follow","max-snippet":"max-snippet:-1","max-image-preview":"max-image-preview:large","max-video-preview":"max-video-preview:-1"},"canonical":"https:\/\/anticagelateriadelcorso.com\/it\/privacy\/","og_locale":"it_IT","og_type":"article","og_title":"Privacy - Antica Gelateria del Corso","og_description":"Privacy - Antica Gelateria del Corso","og_url":"https:\/\/anticagelateriadelcorso.com\/it\/privacy\/","og_site_name":"Italiano","article_modified_time":"2026-01-16T17:45:50+00:00","twitter_card":"summary_large_image","twitter_misc":{"Tempo di lettura stimato":"11 minuti"},"schema":{"@context":"https:\/\/schema.org","@graph":[{"@type":"WebSite","@id":"https:\/\/anticagelateriadelcorso.com\/it\/#website","url":"https:\/\/anticagelateriadelcorso.com\/it\/","name":"Italiano","description":"Antica Gelateria del Corso","potentialAction":[{"@type":"SearchAction","target":{"@type":"EntryPoint","urlTemplate":"https:\/\/anticagelateriadelcorso.com\/it\/?s={search_term_string}"},"query-input":"required name=search_term_string"}],"inLanguage":"it-IT"},{"@type":"WebPage","@id":"https:\/\/anticagelateriadelcorso.com\/it\/privacy\/#webpage","url":"https:\/\/anticagelateriadelcorso.com\/it\/privacy\/","name":"Privacy - Antica Gelateria del Corso","isPartOf":{"@id":"https:\/\/anticagelateriadelcorso.com\/it\/#website"},"datePublished":"2019-01-28T08:19:28+00:00","dateModified":"2026-01-16T17:45:50+00:00","description":"Privacy - Antica Gelateria del Corso","breadcrumb":{"@id":"https:\/\/anticagelateriadelcorso.com\/it\/privacy\/#breadcrumb"},"inLanguage":"it-IT","potentialAction":[{"@type":"ReadAction","target":["https:\/\/anticagelateriadelcorso.com\/it\/privacy\/"]}]},{"@type":"BreadcrumbList","@id":"https:\/\/anticagelateriadelcorso.com\/it\/privacy\/#breadcrumb","itemListElement":[{"@type":"ListItem","position":1,"name":"Home","item":"https:\/\/anticagelateriadelcorso.com\/it\/"},{"@type":"ListItem","position":2,"name":"Privacy policy"}]}]}},"_links":{"self":[{"href":"https:\/\/anticagelateriadelcorso.com\/it\/wp-json\/wp\/v2\/pages\/929"}],"collection":[{"href":"https:\/\/anticagelateriadelcorso.com\/it\/wp-json\/wp\/v2\/pages"}],"about":[{"href":"https:\/\/anticagelateriadelcorso.com\/it\/wp-json\/wp\/v2\/types\/page"}],"author":[{"embeddable":true,"href":"https:\/\/anticagelateriadelcorso.com\/it\/wp-json\/wp\/v2\/users\/2"}],"replies":[{"embeddable":true,"href":"https:\/\/anticagelateriadelcorso.com\/it\/wp-json\/wp\/v2\/comments?post=929"}],"version-history":[{"count":6,"href":"https:\/\/anticagelateriadelcorso.com\/it\/wp-json\/wp\/v2\/pages\/929\/revisions"}],"predecessor-version":[{"id":2012,"href":"https:\/\/anticagelateriadelcorso.com\/it\/wp-json\/wp\/v2\/pages\/929\/revisions\/2012"}],"wp:attachment":[{"href":"https:\/\/anticagelateriadelcorso.com\/it\/wp-json\/wp\/v2\/media?parent=929"}],"curies":[{"name":"wp","href":"https:\/\/api.w.org\/{rel}","templated":true}]}}