{"id":931,"date":"2019-01-28T09:23:49","date_gmt":"2019-01-28T08:23:49","guid":{"rendered":"http:\/\/anticagelateriadelcorso.com\/it\/?page_id=931"},"modified":"2026-01-16T18:45:39","modified_gmt":"2026-01-16T17:45:39","slug":"cookies","status":"publish","type":"page","link":"https:\/\/anticagelateriadelcorso.com\/it\/cookies\/","title":{"rendered":"Politica dei Cookies"},"content":{"rendered":"\r\n<p><strong>Cosa sono i cookies?<\/strong><\/p>\r\n\r\n\r\n\r\n<p>I cookies sono piccoli file di testo salvati sul vostro computer dai siti web o applicazioni che visitate. Sono ampiamente utilizzati per consentire il funzionamento dei siti web e delle applicazioni, o per farle lavorare pi\u00f9 efficientemente, come anche per fornire informazioni al proprietario del sito web\/applicazione.<\/p>\r\n\r\n\r\n\r\n<p><strong>Come e perch\u00e9 usiamo i cookies?<\/strong><\/p>\r\n\r\n\r\n\r\n<p>Usiamo I cookie per migliorare l\u2019utilizzo e la funzionalit\u00e0 dei nostri siti web e\/o applicazioni e avere una migliore comprensione di come i visitatori usano i nostri siti web\/applicazioni e gli strumenti\/servizi offerti dai siti stessi. I cookie ci aiutano a personalizzare i siti web e le applicazioni sulle tue esigenze personali, per migliorare l\u2019esperienza di utilizzo, ottenere un feedback sulla soddisfazione del cliente riguardo ai nostri siti web\/applicazioni (tramite partner selezionati) e per comunicare con te ovunque nel web. Noi non utilizziamo i Cookie per raccogliere informazioni personali come il tuo nome; ad ogni modo, potremmo collegare informazioni contenute in un cookie a informazioni personali raccolte da te attraverso altri mezzi (es: registrazione a siti web\/applicazioni).<\/p>\r\n\r\n\r\n\r\n<p><strong>Che tipi di cookie sono usati?<\/strong><\/p>\r\n\r\n\r\n\r\n<p>Qui sotto trovate una descrizione dei vari cookie utilizzati all\u2019interno dei nostri siti web\/applicazioni.<\/p>\r\n\r\n\r\n\r\n<p><strong>Cookie necessari<\/strong><\/p>\r\n\r\n\r\n\r\n<p>Questi sono cookie strettamente necessari per l\u2019attivit\u00e0 di un sito web\/applicazione. Senza questi cookie, il sito web\/applicazione non funzioneranno correttamente. Conseguentemente, non vi chiediamo un consenso specifico per questa tipologia di cookie.<\/p>\r\n\r\n\r\n\r\n<p><strong>Functional Cookies<\/strong><\/p>\r\n\r\n\r\n\r\n<p>Questi sono I cookie che vengono utilizzati per la funzionalit\u00e0 di un sito web\/applicazione. Ad esempio, Cookie che ricordano il contenuto che hai visto recentemente sul sito web\/applicazione o l\u2019indirizzo email o la password che hai fornito quando ti sei registrato durante una visita precedente del sito web\/applicazione. Usare i cookie funzionali, quindi, ci permette di fornirti un contenuto personalizzato e legato e ai tuoi interessi, e a farti risparmiare tempo senza necessit\u00e0 di registrarsi nuovamente o reinserire le informazioni quando visiti di nuovo un sito web\/applicazione o cerchi di accedere a una sezione riservata del sito. Su alcuni siti web\/applicazioni, i cookie ci permettono di registrare le tue ricette preferite, le attivit\u00e0, i punteggi migliori.<\/p>\r\n\r\n\r\n\r\n<p><strong>First party Cookies\u00a0<\/strong><\/p>\r\n\r\n\r\n\r\n<p>Questi sono i cookie che sono scaricati da un sito web\/applicazione specifica e possono essere letti solo da questo sito.<\/p>\r\n\r\n\r\n\r\n<p><strong>Third party Cookies<\/strong><\/p>\r\n\r\n\r\n\r\n<p>Questi sono cookie scaricati da una terza parte, che usiamo per differenti tipologie di servizi (ad esempio analisi statistiche o pubblicit\u00e0)<\/p>\r\n\r\n\r\n\r\n<p>Per ulteriori informazioni sull\u2019utilizzo dei cookie di terze parti, puoi visitare questo sito:\u00a0<strong><a href=\"http:\/\/www.youronlinechoices.com\/it\/\">http:\/\/www.youronlinechoices.com\/it\/<\/a><\/strong><\/p>\r\n\r\n\r\n\r\n<p>Questo sito web utilizza il servizio di analisi fornito da Google, cd. Google Analytics, il quale si avvale di cookie che consentono al sito web di analizzare come gli utenti utilizzano il sito. Le informazioni generate dai cookie allo scopo di tracciare e esaminare il Suo utilizzo del sito web e di fornire altri servizi relativi alle attivit\u00e0 del sito web e all&#8217;utilizzo di Internet, verranno trasmesse e depositate presso i server di Google ubicati negli Stati Uniti. Google potr\u00e0 anche trasferire queste informazioni a terzi ove ci\u00f2 sia imposto dalla legge o laddove tali terzi trattino le suddette informazioni per conto di Google. Pu\u00f2 rifiutarsi di usare i cookie selezionando l&#8217;impostazione appropriata sul Suo browser, ma ci\u00f2 potrebbe impedirle di utilizzare tutte le funzionalit\u00e0 di questo sito web. Utilizzando il presente sito web, Lei acconsente al trattamento dei Suoi dati da parte di Google per le modalit\u00e0 e i fini sopraindicati.\u00a0<\/p>\r\n\r\n\r\n\r\n<p>Per maggiori informazioni sull\u2019utilizzo di Google Analytics, potete visitare questa pagina:\u00a0<a href=\"http:\/\/www.anticagelateriadelcorso.com\/it\/privacy\"><strong>www.anticagelateriadelcorso.com\/it\/privacy<\/strong><\/a><\/p>\r\n\r\n\r\n\r\n<p><strong>Come posso cambiare le impostazioni dei cookies?\u00a0<\/strong><\/p>\r\n\r\n\r\n\r\n<p>\u00a0Per favore verifica che le impostazioni del tuo computer\/smartphone accettino o meno i cookie, in base alle tue scelte. Puoi impostare il tuo browser in modo che ti avvisi prima di accettare i cookie, oppure puoi semplicemente configurarlo in modo che li rifiuti automaticamente, sebbene, cos\u00ec facendo, non potrai avere accesso a tutte le funzionalit\u00e0 del sito. Per maggiori informazioni su come impostarli, puoi utilizzare il bottone \u201cHelp\u201d del tuo browser. Non \u00e8 necessario scaricare i cookie per poter navigare sulla maggior parte dei nostri siti. Ricordati che se utilizzi differenti computer in luoghi differenti, dovrai assicurarti che ogni browser sia configurato in modo da rispecchiare le tue preferenze sui cookie.<\/p>\r\n","protected":false},"excerpt":{"rendered":"<p>Cosa sono i cookies? I cookies sono piccoli file di testo salvati sul vostro computer dai siti web o applicazioni che visitate. Sono ampiamente utilizzati per consentire il funzionamento dei siti web e delle applicazioni, o per farle lavorare pi\u00f9 efficientemente, come anche per fornire informazioni al proprietario del sito web\/applicazione. Come e perch\u00e9 usiamo [&hellip;]<\/p>\n","protected":false},"author":2,"featured_media":0,"parent":0,"menu_order":0,"comment_status":"closed","ping_status":"closed","template":"","meta":[],"yoast_head":"<!-- This site is optimized with the Yoast SEO plugin v18.5.1 - https:\/\/yoast.com\/wordpress\/plugins\/seo\/ -->\n<title>Cookies - Antica Gelateria del Corso<\/title>\n<meta name=\"robots\" content=\"index, follow, max-snippet:-1, max-image-preview:large, max-video-preview:-1\" \/>\n<link rel=\"canonical\" href=\"https:\/\/anticagelateriadelcorso.com\/it\/cookies\/\" \/>\n<meta property=\"og:locale\" content=\"it_IT\" \/>\n<meta property=\"og:type\" content=\"article\" \/>\n<meta property=\"og:title\" content=\"Cookies - Antica Gelateria del Corso\" \/>\n<meta property=\"og:description\" content=\"Cosa sono i cookies? I cookies sono piccoli file di testo salvati sul vostro computer dai siti web o applicazioni che visitate. Sono ampiamente utilizzati per consentire il funzionamento dei siti web e delle applicazioni, o per farle lavorare pi\u00f9 efficientemente, come anche per fornire informazioni al proprietario del sito web\/applicazione. Come e perch\u00e9 usiamo [&hellip;]\" \/>\n<meta property=\"og:url\" content=\"https:\/\/anticagelateriadelcorso.com\/it\/cookies\/\" \/>\n<meta property=\"og:site_name\" content=\"Italiano\" \/>\n<meta property=\"article:modified_time\" content=\"2026-01-16T17:45:39+00:00\" \/>\n<meta name=\"twitter:card\" content=\"summary_large_image\" \/>\n<meta name=\"twitter:label1\" content=\"Tempo di lettura stimato\" \/>\n\t<meta name=\"twitter:data1\" content=\"4 minuti\" \/>\n<script type=\"application\/ld+json\" class=\"yoast-schema-graph\">{\"@context\":\"https:\/\/schema.org\",\"@graph\":[{\"@type\":\"WebSite\",\"@id\":\"https:\/\/anticagelateriadelcorso.com\/it\/#website\",\"url\":\"https:\/\/anticagelateriadelcorso.com\/it\/\",\"name\":\"Italiano\",\"description\":\"Antica Gelateria del Corso\",\"potentialAction\":[{\"@type\":\"SearchAction\",\"target\":{\"@type\":\"EntryPoint\",\"urlTemplate\":\"https:\/\/anticagelateriadelcorso.com\/it\/?s={search_term_string}\"},\"query-input\":\"required name=search_term_string\"}],\"inLanguage\":\"it-IT\"},{\"@type\":\"WebPage\",\"@id\":\"https:\/\/anticagelateriadelcorso.com\/it\/cookies\/#webpage\",\"url\":\"https:\/\/anticagelateriadelcorso.com\/it\/cookies\/\",\"name\":\"Cookies - Antica Gelateria del Corso\",\"isPartOf\":{\"@id\":\"https:\/\/anticagelateriadelcorso.com\/it\/#website\"},\"datePublished\":\"2019-01-28T08:23:49+00:00\",\"dateModified\":\"2026-01-16T17:45:39+00:00\",\"breadcrumb\":{\"@id\":\"https:\/\/anticagelateriadelcorso.com\/it\/cookies\/#breadcrumb\"},\"inLanguage\":\"it-IT\",\"potentialAction\":[{\"@type\":\"ReadAction\",\"target\":[\"https:\/\/anticagelateriadelcorso.com\/it\/cookies\/\"]}]},{\"@type\":\"BreadcrumbList\",\"@id\":\"https:\/\/anticagelateriadelcorso.com\/it\/cookies\/#breadcrumb\",\"itemListElement\":[{\"@type\":\"ListItem\",\"position\":1,\"name\":\"Home\",\"item\":\"https:\/\/anticagelateriadelcorso.com\/it\/\"},{\"@type\":\"ListItem\",\"position\":2,\"name\":\"Politica dei Cookies\"}]}]}<\/script>\n<!-- \/ Yoast SEO plugin. -->","yoast_head_json":{"title":"Cookies - Antica Gelateria del Corso","robots":{"index":"index","follow":"follow","max-snippet":"max-snippet:-1","max-image-preview":"max-image-preview:large","max-video-preview":"max-video-preview:-1"},"canonical":"https:\/\/anticagelateriadelcorso.com\/it\/cookies\/","og_locale":"it_IT","og_type":"article","og_title":"Cookies - Antica Gelateria del Corso","og_description":"Cosa sono i cookies? I cookies sono piccoli file di testo salvati sul vostro computer dai siti web o applicazioni che visitate. Sono ampiamente utilizzati per consentire il funzionamento dei siti web e delle applicazioni, o per farle lavorare pi\u00f9 efficientemente, come anche per fornire informazioni al proprietario del sito web\/applicazione. Come e perch\u00e9 usiamo [&hellip;]","og_url":"https:\/\/anticagelateriadelcorso.com\/it\/cookies\/","og_site_name":"Italiano","article_modified_time":"2026-01-16T17:45:39+00:00","twitter_card":"summary_large_image","twitter_misc":{"Tempo di lettura stimato":"4 minuti"},"schema":{"@context":"https:\/\/schema.org","@graph":[{"@type":"WebSite","@id":"https:\/\/anticagelateriadelcorso.com\/it\/#website","url":"https:\/\/anticagelateriadelcorso.com\/it\/","name":"Italiano","description":"Antica Gelateria del Corso","potentialAction":[{"@type":"SearchAction","target":{"@type":"EntryPoint","urlTemplate":"https:\/\/anticagelateriadelcorso.com\/it\/?s={search_term_string}"},"query-input":"required name=search_term_string"}],"inLanguage":"it-IT"},{"@type":"WebPage","@id":"https:\/\/anticagelateriadelcorso.com\/it\/cookies\/#webpage","url":"https:\/\/anticagelateriadelcorso.com\/it\/cookies\/","name":"Cookies - Antica Gelateria del Corso","isPartOf":{"@id":"https:\/\/anticagelateriadelcorso.com\/it\/#website"},"datePublished":"2019-01-28T08:23:49+00:00","dateModified":"2026-01-16T17:45:39+00:00","breadcrumb":{"@id":"https:\/\/anticagelateriadelcorso.com\/it\/cookies\/#breadcrumb"},"inLanguage":"it-IT","potentialAction":[{"@type":"ReadAction","target":["https:\/\/anticagelateriadelcorso.com\/it\/cookies\/"]}]},{"@type":"BreadcrumbList","@id":"https:\/\/anticagelateriadelcorso.com\/it\/cookies\/#breadcrumb","itemListElement":[{"@type":"ListItem","position":1,"name":"Home","item":"https:\/\/anticagelateriadelcorso.com\/it\/"},{"@type":"ListItem","position":2,"name":"Politica dei Cookies"}]}]}},"_links":{"self":[{"href":"https:\/\/anticagelateriadelcorso.com\/it\/wp-json\/wp\/v2\/pages\/931"}],"collection":[{"href":"https:\/\/anticagelateriadelcorso.com\/it\/wp-json\/wp\/v2\/pages"}],"about":[{"href":"https:\/\/anticagelateriadelcorso.com\/it\/wp-json\/wp\/v2\/types\/page"}],"author":[{"embeddable":true,"href":"https:\/\/anticagelateriadelcorso.com\/it\/wp-json\/wp\/v2\/users\/2"}],"replies":[{"embeddable":true,"href":"https:\/\/anticagelateriadelcorso.com\/it\/wp-json\/wp\/v2\/comments?post=931"}],"version-history":[{"count":2,"href":"https:\/\/anticagelateriadelcorso.com\/it\/wp-json\/wp\/v2\/pages\/931\/revisions"}],"predecessor-version":[{"id":2010,"href":"https:\/\/anticagelateriadelcorso.com\/it\/wp-json\/wp\/v2\/pages\/931\/revisions\/2010"}],"wp:attachment":[{"href":"https:\/\/anticagelateriadelcorso.com\/it\/wp-json\/wp\/v2\/media?parent=931"}],"curies":[{"name":"wp","href":"https:\/\/api.w.org\/{rel}","templated":true}]}}