{"id":99,"date":"2019-01-22T13:03:40","date_gmt":"2019-01-22T12:03:40","guid":{"rendered":"http:\/\/anticagelateriadelcorso.com\/it\/?page_id=99"},"modified":"2024-07-17T11:32:34","modified_gmt":"2024-07-17T09:32:34","slug":"caffe-arabica-e-robusta","status":"publish","type":"page","link":"https:\/\/anticagelateriadelcorso.com\/it\/gusti\/caffe-arabica-e-robusta\/","title":{"rendered":"Caff\u00e9 Arabica e Robusta"},"content":{"rendered":"\r\n<p>L\u2019origine del caff\u00e8 si perde nella notte dei tempi. Una leggenda narra che fu un pastore etiope a scoprire le bacche di questa pianta, macinarle, tostarle e farne un infuso.<\/p>\r\n\r\n\r\n\r\n<p><strong>Antica Gelateria del Corso<\/strong>\u00ae utilizza le migliori miscele di caff\u00e8 qualit\u00e0 Arabica e Robusta per creare un gelato al caff\u00e8 dal gusto e dal profumo inconfondibile.<\/p>\r\n\r\n\r\n\r\n<p>La stessa qualit\u00e0 che si pu\u00f2 assaporare nei gelati di\u00a0<strong>Antica Gelateria del Corso<\/strong>\u00ae che abbinano alla sapienza dei migliori mastri gelatieri, il profumo e il gusto delle variet\u00e0 di caff\u00e8 Arabica e Robusta.<\/p>\r\n","protected":false},"excerpt":{"rendered":"<p>Le migliori miscele di caff\u00e8 qualit\u00e0 Arabica e Robusta per creare un gelato al caff\u00e8 dal gusto inconfondibile.<\/p>\n","protected":false},"author":2,"featured_media":100,"parent":8,"menu_order":6,"comment_status":"closed","ping_status":"closed","template":"tpl-product.php","meta":[],"yoast_head":"<!-- This site is optimized with the Yoast SEO plugin v18.5.1 - https:\/\/yoast.com\/wordpress\/plugins\/seo\/ -->\n<title>Gelato Gusto Caff\u00e8 Arabica e Robusta - Antica Gelateria del Corso<\/title>\n<meta name=\"description\" content=\"Gelato al gusto caff\u00e8 arabica e robusta di Antica Gelateria del Corso. Sapore unico, ingredienti di qualit\u00e0 e vero caff\u00e8 arabica. Cosa aspetti a provarlo?\" \/>\n<meta name=\"robots\" content=\"index, follow, max-snippet:-1, max-image-preview:large, max-video-preview:-1\" \/>\n<link rel=\"canonical\" href=\"https:\/\/anticagelateriadelcorso.com\/it\/gusti\/caffe-arabica-e-robusta\/\" \/>\n<meta property=\"og:locale\" content=\"it_IT\" \/>\n<meta property=\"og:type\" content=\"article\" \/>\n<meta property=\"og:title\" content=\"Gelato Gusto Caff\u00e8 Arabica e Robusta - Antica Gelateria del Corso\" \/>\n<meta property=\"og:description\" content=\"Gelato al gusto caff\u00e8 arabica e robusta di Antica Gelateria del Corso. Sapore unico, ingredienti di qualit\u00e0 e vero caff\u00e8 arabica. Cosa aspetti a provarlo?\" \/>\n<meta property=\"og:url\" content=\"https:\/\/anticagelateriadelcorso.com\/it\/gusti\/caffe-arabica-e-robusta\/\" \/>\n<meta property=\"og:site_name\" content=\"Italiano\" \/>\n<meta property=\"article:modified_time\" content=\"2024-07-17T09:32:34+00:00\" \/>\n<meta property=\"og:image\" content=\"https:\/\/anticagelateriadelcorso.com\/it\/wp-content\/uploads\/sites\/2\/2019\/01\/img_thumbnail-caffe.jpg\" \/>\n\t<meta property=\"og:image:width\" content=\"600\" \/>\n\t<meta property=\"og:image:height\" content=\"600\" \/>\n\t<meta property=\"og:image:type\" content=\"image\/jpeg\" \/>\n<meta name=\"twitter:card\" content=\"summary_large_image\" \/>\n<meta name=\"twitter:label1\" content=\"Tempo di lettura stimato\" \/>\n\t<meta name=\"twitter:data1\" content=\"1 minuto\" \/>\n<script type=\"application\/ld+json\" class=\"yoast-schema-graph\">{\"@context\":\"https:\/\/schema.org\",\"@graph\":[{\"@type\":\"WebSite\",\"@id\":\"https:\/\/anticagelateriadelcorso.com\/it\/#website\",\"url\":\"https:\/\/anticagelateriadelcorso.com\/it\/\",\"name\":\"Italiano\",\"description\":\"Antica Gelateria del Corso\",\"potentialAction\":[{\"@type\":\"SearchAction\",\"target\":{\"@type\":\"EntryPoint\",\"urlTemplate\":\"https:\/\/anticagelateriadelcorso.com\/it\/?s={search_term_string}\"},\"query-input\":\"required name=search_term_string\"}],\"inLanguage\":\"it-IT\"},{\"@type\":\"ImageObject\",\"@id\":\"https:\/\/anticagelateriadelcorso.com\/it\/gusti\/caffe-arabica-e-robusta\/#primaryimage\",\"inLanguage\":\"it-IT\",\"url\":\"https:\/\/anticagelateriadelcorso.com\/it\/wp-content\/uploads\/sites\/2\/2019\/01\/img_thumbnail-caffe.jpg\",\"contentUrl\":\"https:\/\/anticagelateriadelcorso.com\/it\/wp-content\/uploads\/sites\/2\/2019\/01\/img_thumbnail-caffe.jpg\",\"width\":600,\"height\":600},{\"@type\":\"WebPage\",\"@id\":\"https:\/\/anticagelateriadelcorso.com\/it\/gusti\/caffe-arabica-e-robusta\/#webpage\",\"url\":\"https:\/\/anticagelateriadelcorso.com\/it\/gusti\/caffe-arabica-e-robusta\/\",\"name\":\"Gelato Gusto Caff\u00e8 Arabica e Robusta - Antica Gelateria del Corso\",\"isPartOf\":{\"@id\":\"https:\/\/anticagelateriadelcorso.com\/it\/#website\"},\"primaryImageOfPage\":{\"@id\":\"https:\/\/anticagelateriadelcorso.com\/it\/gusti\/caffe-arabica-e-robusta\/#primaryimage\"},\"datePublished\":\"2019-01-22T12:03:40+00:00\",\"dateModified\":\"2024-07-17T09:32:34+00:00\",\"description\":\"Gelato al gusto caff\u00e8 arabica e robusta di Antica Gelateria del Corso. Sapore unico, ingredienti di qualit\u00e0 e vero caff\u00e8 arabica. Cosa aspetti a provarlo?\",\"breadcrumb\":{\"@id\":\"https:\/\/anticagelateriadelcorso.com\/it\/gusti\/caffe-arabica-e-robusta\/#breadcrumb\"},\"inLanguage\":\"it-IT\",\"potentialAction\":[{\"@type\":\"ReadAction\",\"target\":[\"https:\/\/anticagelateriadelcorso.com\/it\/gusti\/caffe-arabica-e-robusta\/\"]}]},{\"@type\":\"BreadcrumbList\",\"@id\":\"https:\/\/anticagelateriadelcorso.com\/it\/gusti\/caffe-arabica-e-robusta\/#breadcrumb\",\"itemListElement\":[{\"@type\":\"ListItem\",\"position\":1,\"name\":\"Home\",\"item\":\"https:\/\/anticagelateriadelcorso.com\/it\/\"},{\"@type\":\"ListItem\",\"position\":2,\"name\":\"I gusti\",\"item\":\"https:\/\/anticagelateriadelcorso.com\/it\/gusti\/\"},{\"@type\":\"ListItem\",\"position\":3,\"name\":\"Caff\u00e9 Arabica e Robusta\"}]}]}<\/script>\n<!-- \/ Yoast SEO plugin. -->","yoast_head_json":{"title":"Gelato Gusto Caff\u00e8 Arabica e Robusta - Antica Gelateria del Corso","description":"Gelato al gusto caff\u00e8 arabica e robusta di Antica Gelateria del Corso. Sapore unico, ingredienti di qualit\u00e0 e vero caff\u00e8 arabica. Cosa aspetti a provarlo?","robots":{"index":"index","follow":"follow","max-snippet":"max-snippet:-1","max-image-preview":"max-image-preview:large","max-video-preview":"max-video-preview:-1"},"canonical":"https:\/\/anticagelateriadelcorso.com\/it\/gusti\/caffe-arabica-e-robusta\/","og_locale":"it_IT","og_type":"article","og_title":"Gelato Gusto Caff\u00e8 Arabica e Robusta - Antica Gelateria del Corso","og_description":"Gelato al gusto caff\u00e8 arabica e robusta di Antica Gelateria del Corso. Sapore unico, ingredienti di qualit\u00e0 e vero caff\u00e8 arabica. Cosa aspetti a provarlo?","og_url":"https:\/\/anticagelateriadelcorso.com\/it\/gusti\/caffe-arabica-e-robusta\/","og_site_name":"Italiano","article_modified_time":"2024-07-17T09:32:34+00:00","og_image":[{"width":600,"height":600,"url":"https:\/\/anticagelateriadelcorso.com\/it\/wp-content\/uploads\/sites\/2\/2019\/01\/img_thumbnail-caffe.jpg","type":"image\/jpeg"}],"twitter_card":"summary_large_image","twitter_misc":{"Tempo di lettura stimato":"1 minuto"},"schema":{"@context":"https:\/\/schema.org","@graph":[{"@type":"WebSite","@id":"https:\/\/anticagelateriadelcorso.com\/it\/#website","url":"https:\/\/anticagelateriadelcorso.com\/it\/","name":"Italiano","description":"Antica Gelateria del Corso","potentialAction":[{"@type":"SearchAction","target":{"@type":"EntryPoint","urlTemplate":"https:\/\/anticagelateriadelcorso.com\/it\/?s={search_term_string}"},"query-input":"required name=search_term_string"}],"inLanguage":"it-IT"},{"@type":"ImageObject","@id":"https:\/\/anticagelateriadelcorso.com\/it\/gusti\/caffe-arabica-e-robusta\/#primaryimage","inLanguage":"it-IT","url":"https:\/\/anticagelateriadelcorso.com\/it\/wp-content\/uploads\/sites\/2\/2019\/01\/img_thumbnail-caffe.jpg","contentUrl":"https:\/\/anticagelateriadelcorso.com\/it\/wp-content\/uploads\/sites\/2\/2019\/01\/img_thumbnail-caffe.jpg","width":600,"height":600},{"@type":"WebPage","@id":"https:\/\/anticagelateriadelcorso.com\/it\/gusti\/caffe-arabica-e-robusta\/#webpage","url":"https:\/\/anticagelateriadelcorso.com\/it\/gusti\/caffe-arabica-e-robusta\/","name":"Gelato Gusto Caff\u00e8 Arabica e Robusta - Antica Gelateria del Corso","isPartOf":{"@id":"https:\/\/anticagelateriadelcorso.com\/it\/#website"},"primaryImageOfPage":{"@id":"https:\/\/anticagelateriadelcorso.com\/it\/gusti\/caffe-arabica-e-robusta\/#primaryimage"},"datePublished":"2019-01-22T12:03:40+00:00","dateModified":"2024-07-17T09:32:34+00:00","description":"Gelato al gusto caff\u00e8 arabica e robusta di Antica Gelateria del Corso. Sapore unico, ingredienti di qualit\u00e0 e vero caff\u00e8 arabica. Cosa aspetti a provarlo?","breadcrumb":{"@id":"https:\/\/anticagelateriadelcorso.com\/it\/gusti\/caffe-arabica-e-robusta\/#breadcrumb"},"inLanguage":"it-IT","potentialAction":[{"@type":"ReadAction","target":["https:\/\/anticagelateriadelcorso.com\/it\/gusti\/caffe-arabica-e-robusta\/"]}]},{"@type":"BreadcrumbList","@id":"https:\/\/anticagelateriadelcorso.com\/it\/gusti\/caffe-arabica-e-robusta\/#breadcrumb","itemListElement":[{"@type":"ListItem","position":1,"name":"Home","item":"https:\/\/anticagelateriadelcorso.com\/it\/"},{"@type":"ListItem","position":2,"name":"I gusti","item":"https:\/\/anticagelateriadelcorso.com\/it\/gusti\/"},{"@type":"ListItem","position":3,"name":"Caff\u00e9 Arabica e Robusta"}]}]}},"_links":{"self":[{"href":"https:\/\/anticagelateriadelcorso.com\/it\/wp-json\/wp\/v2\/pages\/99"}],"collection":[{"href":"https:\/\/anticagelateriadelcorso.com\/it\/wp-json\/wp\/v2\/pages"}],"about":[{"href":"https:\/\/anticagelateriadelcorso.com\/it\/wp-json\/wp\/v2\/types\/page"}],"author":[{"embeddable":true,"href":"https:\/\/anticagelateriadelcorso.com\/it\/wp-json\/wp\/v2\/users\/2"}],"replies":[{"embeddable":true,"href":"https:\/\/anticagelateriadelcorso.com\/it\/wp-json\/wp\/v2\/comments?post=99"}],"version-history":[{"count":11,"href":"https:\/\/anticagelateriadelcorso.com\/it\/wp-json\/wp\/v2\/pages\/99\/revisions"}],"predecessor-version":[{"id":1934,"href":"https:\/\/anticagelateriadelcorso.com\/it\/wp-json\/wp\/v2\/pages\/99\/revisions\/1934"}],"up":[{"embeddable":true,"href":"https:\/\/anticagelateriadelcorso.com\/it\/wp-json\/wp\/v2\/pages\/8"}],"wp:featuredmedia":[{"embeddable":true,"href":"https:\/\/anticagelateriadelcorso.com\/it\/wp-json\/wp\/v2\/media\/100"}],"wp:attachment":[{"href":"https:\/\/anticagelateriadelcorso.com\/it\/wp-json\/wp\/v2\/media?parent=99"}],"curies":[{"name":"wp","href":"https:\/\/api.w.org\/{rel}","templated":true}]}}